{"id":3571,"date":"2023-08-01T14:22:09","date_gmt":"2023-08-01T12:22:09","guid":{"rendered":"https:\/\/tashka-rugs.com\/produit\/selsoul\/"},"modified":"2023-08-01T14:22:09","modified_gmt":"2023-08-01T12:22:09","slug":"selsoul","status":"publish","type":"product","link":"https:\/\/tashkarugs.com\/en\/produit\/selsoul\/","title":{"rendered":"Selsoul"},"content":{"rendered":"<p>Carefully made by the skillful weavers of the Zat valley, this pure wool rug is distinguished by its black and white stripes. Flat woven, it reflects the inspiration and creativity of local artisans. Each rug is unique, made to your specifications of color and dimensions. The standard measurements are 130 cm by 85 cm, and it is recommended to wash it at 30\u00b0 to preserve its quality and durability.<\/p>\n","protected":false},"excerpt":{"rendered":"<p><strong>Contemporary rug with an oriental touch.<\/strong><\/p>\n<ul>\n<li>Handmade by weavers from the Zat Valley.<\/li>\n<li>C\u2019est un tapis en pure laine, tiss\u00e9 \u00e0 plat, et avec des rayures blanches et noires.<\/li>\n<li>This work is the result of the observation and imagination of the weavers.<\/li>\n<li>Each rug is woven differently for you, and can be made to measure depending on the color and size chosen.<\/li>\n<li>130\/85 and washing at 30\u00b0<\/li>\n<\/ul>\n<p><strong>Ships via FedEx.<\/strong><\/p>\n","protected":false},"featured_media":939,"comment_status":"open","ping_status":"closed","template":"","meta":{"inline_featured_image":false},"product_brand":[],"product_cat":[102],"product_tag":[],"class_list":{"0":"post-3571","1":"product","2":"type-product","3":"status-publish","4":"has-post-thumbnail","6":"product_cat-contemporary-rugs","8":"first","9":"instock","10":"shipping-taxable","11":"purchasable","12":"product-type-simple"},"yoast_head":"<!-- This site is optimized with the Yoast SEO plugin v26.2 - https:\/\/yoast.com\/wordpress\/plugins\/seo\/ -->\n<title>Selsoul - TASHKARUGS<\/title>\n<meta name=\"description\" content=\"Selsoul : TAWADA TREKKING est une agence de voyage Marrakech sp\u00e9cialis\u00e9e dans le trekking, l&#039;artisanat et le g\u00eete. Profitez de nos prestations exceptionnelles pour d\u00e9couvrir le Maroc autrement.\" \/>\n<meta name=\"robots\" content=\"index, follow, max-snippet:-1, max-image-preview:large, max-video-preview:-1\" \/>\n<link rel=\"canonical\" href=\"https:\/\/tashkarugs.com\/produit\/selsoul\/\" \/>\n<meta property=\"og:locale\" content=\"en_US\" \/>\n<meta property=\"og:type\" content=\"article\" \/>\n<meta property=\"og:title\" content=\"Selsoul - TASHKARUGS\" \/>\n<meta property=\"og:description\" content=\"Selsoul : TAWADA TREKKING est une agence de voyage Marrakech sp\u00e9cialis\u00e9e dans le trekking, l&#039;artisanat et le g\u00eete. Profitez de nos prestations exceptionnelles pour d\u00e9couvrir le Maroc autrement.\" \/>\n<meta property=\"og:url\" content=\"https:\/\/tashkarugs.com\/produit\/selsoul\/\" \/>\n<meta property=\"og:site_name\" content=\"TASHKARUGS\" \/>\n<meta property=\"og:image\" content=\"https:\/\/tashkarugs.com\/wp-content\/uploads\/2023\/08\/tawada-trekking-Agence-de-voyage-Marrakech-Tawada-Trekking-071223-253-scaled.jpg\" \/>\n\t<meta property=\"og:image:width\" content=\"1200\" \/>\n\t<meta property=\"og:image:height\" content=\"1200\" \/>\n\t<meta property=\"og:image:type\" content=\"image\/jpeg\" \/>\n<meta name=\"twitter:card\" content=\"summary_large_image\" \/>\n<script type=\"application\/ld+json\" class=\"yoast-schema-graph\">{\"@context\":\"https:\/\/schema.org\",\"@graph\":[{\"@type\":\"WebPage\",\"@id\":\"https:\/\/tashkarugs.com\/produit\/selsoul\/\",\"url\":\"https:\/\/tashkarugs.com\/produit\/selsoul\/\",\"name\":\"Selsoul - TASHKARUGS\",\"isPartOf\":{\"@id\":\"https:\/\/tashkarugs.com\/#website\"},\"primaryImageOfPage\":{\"@id\":\"https:\/\/tashkarugs.com\/produit\/selsoul\/#primaryimage\"},\"image\":{\"@id\":\"https:\/\/tashkarugs.com\/produit\/selsoul\/#primaryimage\"},\"thumbnailUrl\":\"https:\/\/tashkarugs.com\/wp-content\/uploads\/2023\/08\/tawada-trekking-Agence-de-voyage-Marrakech-Tawada-Trekking-071223-253-scaled.jpg\",\"datePublished\":\"2023-08-01T12:22:09+00:00\",\"description\":\"Selsoul : TAWADA TREKKING est une agence de voyage Marrakech sp\u00e9cialis\u00e9e dans le trekking, l'artisanat et le g\u00eete. Profitez de nos prestations exceptionnelles pour d\u00e9couvrir le Maroc autrement.\",\"breadcrumb\":{\"@id\":\"https:\/\/tashkarugs.com\/produit\/selsoul\/#breadcrumb\"},\"inLanguage\":\"en-US\",\"potentialAction\":[{\"@type\":\"ReadAction\",\"target\":[\"https:\/\/tashkarugs.com\/produit\/selsoul\/\"]}]},{\"@type\":\"ImageObject\",\"inLanguage\":\"en-US\",\"@id\":\"https:\/\/tashkarugs.com\/produit\/selsoul\/#primaryimage\",\"url\":\"https:\/\/tashkarugs.com\/wp-content\/uploads\/2023\/08\/tawada-trekking-Agence-de-voyage-Marrakech-Tawada-Trekking-071223-253-scaled.jpg\",\"contentUrl\":\"https:\/\/tashkarugs.com\/wp-content\/uploads\/2023\/08\/tawada-trekking-Agence-de-voyage-Marrakech-Tawada-Trekking-071223-253-scaled.jpg\",\"width\":1200,\"height\":1200,\"caption\":\"Tawada Trekking Agence De Voyage Marrakech Tawada Trekking Tapis amazigh 071223 253\"},{\"@type\":\"BreadcrumbList\",\"@id\":\"https:\/\/tashkarugs.com\/produit\/selsoul\/#breadcrumb\",\"itemListElement\":[{\"@type\":\"ListItem\",\"position\":1,\"name\":\"Home\",\"item\":\"https:\/\/tashkarugs.com\/en\/\"},{\"@type\":\"ListItem\",\"position\":2,\"name\":\"TASHKARUGS SHOP\",\"item\":\"https:\/\/tashkarugs.com\/en\/tashkarugs-shop-2\/\"},{\"@type\":\"ListItem\",\"position\":3,\"name\":\"Selsoul\"}]},{\"@type\":\"WebSite\",\"@id\":\"https:\/\/tashkarugs.com\/#website\",\"url\":\"https:\/\/tashkarugs.com\/\",\"name\":\"TASHKARUGS\",\"description\":\"\",\"publisher\":{\"@id\":\"https:\/\/tashkarugs.com\/#organization\"},\"potentialAction\":[{\"@type\":\"SearchAction\",\"target\":{\"@type\":\"EntryPoint\",\"urlTemplate\":\"https:\/\/tashkarugs.com\/?s={search_term_string}\"},\"query-input\":{\"@type\":\"PropertyValueSpecification\",\"valueRequired\":true,\"valueName\":\"search_term_string\"}}],\"inLanguage\":\"en-US\"},{\"@type\":\"Organization\",\"@id\":\"https:\/\/tashkarugs.com\/#organization\",\"name\":\"TASHKARUGS\",\"url\":\"https:\/\/tashkarugs.com\/\",\"logo\":{\"@type\":\"ImageObject\",\"inLanguage\":\"en-US\",\"@id\":\"https:\/\/tashkarugs.com\/#\/schema\/logo\/image\/\",\"url\":\"https:\/\/tashkarugs.com\/wp-content\/uploads\/2024\/05\/tashkarugs-Agence-de-voyage-Marrakech-Tashkarugs-Logo002.webp\",\"contentUrl\":\"https:\/\/tashkarugs.com\/wp-content\/uploads\/2024\/05\/tashkarugs-Agence-de-voyage-Marrakech-Tashkarugs-Logo002.webp\",\"width\":150,\"height\":84,\"caption\":\"TASHKARUGS\"},\"image\":{\"@id\":\"https:\/\/tashkarugs.com\/#\/schema\/logo\/image\/\"}}]}<\/script>\n<!-- \/ Yoast SEO plugin. -->","yoast_head_json":{"title":"Selsoul - TASHKARUGS","description":"Selsoul : TAWADA TREKKING est une agence de voyage Marrakech sp\u00e9cialis\u00e9e dans le trekking, l'artisanat et le g\u00eete. Profitez de nos prestations exceptionnelles pour d\u00e9couvrir le Maroc autrement.","robots":{"index":"index","follow":"follow","max-snippet":"max-snippet:-1","max-image-preview":"max-image-preview:large","max-video-preview":"max-video-preview:-1"},"canonical":"https:\/\/tashkarugs.com\/produit\/selsoul\/","og_locale":"en_US","og_type":"article","og_title":"Selsoul - TASHKARUGS","og_description":"Selsoul : TAWADA TREKKING est une agence de voyage Marrakech sp\u00e9cialis\u00e9e dans le trekking, l'artisanat et le g\u00eete. Profitez de nos prestations exceptionnelles pour d\u00e9couvrir le Maroc autrement.","og_url":"https:\/\/tashkarugs.com\/produit\/selsoul\/","og_site_name":"TASHKARUGS","og_image":[{"width":1200,"height":1200,"url":"https:\/\/tashkarugs.com\/wp-content\/uploads\/2023\/08\/tawada-trekking-Agence-de-voyage-Marrakech-Tawada-Trekking-071223-253-scaled.jpg","type":"image\/jpeg"}],"twitter_card":"summary_large_image","schema":{"@context":"https:\/\/schema.org","@graph":[{"@type":"WebPage","@id":"https:\/\/tashkarugs.com\/produit\/selsoul\/","url":"https:\/\/tashkarugs.com\/produit\/selsoul\/","name":"Selsoul - TASHKARUGS","isPartOf":{"@id":"https:\/\/tashkarugs.com\/#website"},"primaryImageOfPage":{"@id":"https:\/\/tashkarugs.com\/produit\/selsoul\/#primaryimage"},"image":{"@id":"https:\/\/tashkarugs.com\/produit\/selsoul\/#primaryimage"},"thumbnailUrl":"https:\/\/tashkarugs.com\/wp-content\/uploads\/2023\/08\/tawada-trekking-Agence-de-voyage-Marrakech-Tawada-Trekking-071223-253-scaled.jpg","datePublished":"2023-08-01T12:22:09+00:00","description":"Selsoul : TAWADA TREKKING est une agence de voyage Marrakech sp\u00e9cialis\u00e9e dans le trekking, l'artisanat et le g\u00eete. Profitez de nos prestations exceptionnelles pour d\u00e9couvrir le Maroc autrement.","breadcrumb":{"@id":"https:\/\/tashkarugs.com\/produit\/selsoul\/#breadcrumb"},"inLanguage":"en-US","potentialAction":[{"@type":"ReadAction","target":["https:\/\/tashkarugs.com\/produit\/selsoul\/"]}]},{"@type":"ImageObject","inLanguage":"en-US","@id":"https:\/\/tashkarugs.com\/produit\/selsoul\/#primaryimage","url":"https:\/\/tashkarugs.com\/wp-content\/uploads\/2023\/08\/tawada-trekking-Agence-de-voyage-Marrakech-Tawada-Trekking-071223-253-scaled.jpg","contentUrl":"https:\/\/tashkarugs.com\/wp-content\/uploads\/2023\/08\/tawada-trekking-Agence-de-voyage-Marrakech-Tawada-Trekking-071223-253-scaled.jpg","width":1200,"height":1200,"caption":"Tawada Trekking Agence De Voyage Marrakech Tawada Trekking Tapis amazigh 071223 253"},{"@type":"BreadcrumbList","@id":"https:\/\/tashkarugs.com\/produit\/selsoul\/#breadcrumb","itemListElement":[{"@type":"ListItem","position":1,"name":"Home","item":"https:\/\/tashkarugs.com\/en\/"},{"@type":"ListItem","position":2,"name":"TASHKARUGS SHOP","item":"https:\/\/tashkarugs.com\/en\/tashkarugs-shop-2\/"},{"@type":"ListItem","position":3,"name":"Selsoul"}]},{"@type":"WebSite","@id":"https:\/\/tashkarugs.com\/#website","url":"https:\/\/tashkarugs.com\/","name":"TASHKARUGS","description":"","publisher":{"@id":"https:\/\/tashkarugs.com\/#organization"},"potentialAction":[{"@type":"SearchAction","target":{"@type":"EntryPoint","urlTemplate":"https:\/\/tashkarugs.com\/?s={search_term_string}"},"query-input":{"@type":"PropertyValueSpecification","valueRequired":true,"valueName":"search_term_string"}}],"inLanguage":"en-US"},{"@type":"Organization","@id":"https:\/\/tashkarugs.com\/#organization","name":"TASHKARUGS","url":"https:\/\/tashkarugs.com\/","logo":{"@type":"ImageObject","inLanguage":"en-US","@id":"https:\/\/tashkarugs.com\/#\/schema\/logo\/image\/","url":"https:\/\/tashkarugs.com\/wp-content\/uploads\/2024\/05\/tashkarugs-Agence-de-voyage-Marrakech-Tashkarugs-Logo002.webp","contentUrl":"https:\/\/tashkarugs.com\/wp-content\/uploads\/2024\/05\/tashkarugs-Agence-de-voyage-Marrakech-Tashkarugs-Logo002.webp","width":150,"height":84,"caption":"TASHKARUGS"},"image":{"@id":"https:\/\/tashkarugs.com\/#\/schema\/logo\/image\/"}}]}},"_links":{"self":[{"href":"https:\/\/tashkarugs.com\/en\/wp-json\/wp\/v2\/product\/3571","targetHints":{"allow":["GET"]}}],"collection":[{"href":"https:\/\/tashkarugs.com\/en\/wp-json\/wp\/v2\/product"}],"about":[{"href":"https:\/\/tashkarugs.com\/en\/wp-json\/wp\/v2\/types\/product"}],"replies":[{"embeddable":true,"href":"https:\/\/tashkarugs.com\/en\/wp-json\/wp\/v2\/comments?post=3571"}],"wp:featuredmedia":[{"embeddable":true,"href":"https:\/\/tashkarugs.com\/en\/wp-json\/wp\/v2\/media\/939"}],"wp:attachment":[{"href":"https:\/\/tashkarugs.com\/en\/wp-json\/wp\/v2\/media?parent=3571"}],"wp:term":[{"taxonomy":"product_brand","embeddable":true,"href":"https:\/\/tashkarugs.com\/en\/wp-json\/wp\/v2\/product_brand?post=3571"},{"taxonomy":"product_cat","embeddable":true,"href":"https:\/\/tashkarugs.com\/en\/wp-json\/wp\/v2\/product_cat?post=3571"},{"taxonomy":"product_tag","embeddable":true,"href":"https:\/\/tashkarugs.com\/en\/wp-json\/wp\/v2\/product_tag?post=3571"}],"curies":[{"name":"wp","href":"https:\/\/api.w.org\/{rel}","templated":true}]}}