{"id":3570,"date":"2023-08-01T14:22:13","date_gmt":"2023-08-01T12:22:13","guid":{"rendered":"https:\/\/tashka-rugs.com\/produit\/tidrarine\/"},"modified":"2023-08-01T14:22:13","modified_gmt":"2023-08-01T12:22:13","slug":"tidrarine","status":"publish","type":"product","link":"https:\/\/tashkarugs.com\/en\/produit\/tidrarine\/","title":{"rendered":"Tidrarine"},"content":{"rendered":"<p>Inspired by traditional Amazigh tattoo designs, this rug is an artistic reinterpretation using pure wool. The end result is simply superb. Designed to be versatile, this beautiful hand-woven rug can grace a living room or hang on a child&#8217;s bedroom wall. Its authentic and modern look makes it perfect for any type of interior. The minimalist design fits harmoniously into contemporary decors, adding a subtle and elegant touch. Hafida, who has forged very strong bonds with these exceptional women artisans, visits them regularly to highlight their remarkable work. Each rug is unique, made especially for you, and can be personalized according to your color and size preferences.       <\/p>\n<ul>\n<li><strong>Dimensions: 1 meter by 1.50 meters<\/strong><\/li>\n<li><strong>Care instructions: Wash at 30\u00b0C<\/strong><\/li>\n<\/ul>\n<p> Adopt a piece of Amazigh art and culture with this rug, a true homage to ancestral traditions, magnificently transposed into a contemporary decorative object.<\/p>\n","protected":false},"excerpt":{"rendered":"<p><strong>The carpets of the Zat valley<\/strong><\/p>\n<ul>\n<li>This rug drew its inspiration from Amazigh tattoos.<\/li>\n<li>The idea was to reinterpret these magnificent patterns on a rug using pure wool.<\/li>\n<li>The result is great.<\/li>\n<li>This superb woven rug can beautify a living room or be hung on the wall of a child&#8217;s bedroom.<\/li>\n<li>Its authentic yet modern appearance makes it a perfect choice for any interior.<\/li>\n<li>The minimalist design fits harmoniously into modern interiors.<\/li>\n<li>Hafida has developed a very strong bond with these exceptional women, visiting them regularly, and she constantly highlights their exceptional work.<\/li>\n<li>Each rug is woven differently for you, and can be made to measure depending on the color and size chosen.<\/li>\n<li>1m\/1m50 and wash at 30\u00b0<\/li>\n<\/ul>\n","protected":false},"featured_media":940,"comment_status":"open","ping_status":"closed","template":"","meta":{"inline_featured_image":false},"product_brand":[],"product_cat":[103],"product_tag":[],"class_list":{"0":"post-3570","1":"product","2":"type-product","3":"status-publish","4":"has-post-thumbnail","6":"product_cat-tattoo-carpet-loucham","8":"first","9":"instock","10":"shipping-taxable","11":"purchasable","12":"product-type-simple"},"yoast_head":"<!-- This site is optimized with the Yoast SEO plugin v26.2 - https:\/\/yoast.com\/wordpress\/plugins\/seo\/ -->\n<title>Tidrarine - TASHKARUGS<\/title>\n<meta name=\"description\" content=\"Tidrarine : TAWADA TREKKING est une agence de voyage Marrakech sp\u00e9cialis\u00e9e dans le trekking, l&#039;artisanat et le g\u00eete. Profitez de nos prestations exceptionnelles pour d\u00e9couvrir le Maroc autrement.\" \/>\n<meta name=\"robots\" content=\"index, follow, max-snippet:-1, max-image-preview:large, max-video-preview:-1\" \/>\n<link rel=\"canonical\" href=\"https:\/\/tashkarugs.com\/produit\/tidrarine\/\" \/>\n<meta property=\"og:locale\" content=\"en_US\" \/>\n<meta property=\"og:type\" content=\"article\" \/>\n<meta property=\"og:title\" content=\"Tidrarine - TASHKARUGS\" \/>\n<meta property=\"og:description\" content=\"Tidrarine : TAWADA TREKKING est une agence de voyage Marrakech sp\u00e9cialis\u00e9e dans le trekking, l&#039;artisanat et le g\u00eete. Profitez de nos prestations exceptionnelles pour d\u00e9couvrir le Maroc autrement.\" \/>\n<meta property=\"og:url\" content=\"https:\/\/tashkarugs.com\/produit\/tidrarine\/\" \/>\n<meta property=\"og:site_name\" content=\"TASHKARUGS\" \/>\n<meta property=\"og:image\" content=\"https:\/\/tashkarugs.com\/wp-content\/uploads\/2023\/08\/tawada-trekking-Agence-de-voyage-Marrakech-Tawada-Trekking-071223-255-scaled.jpg\" \/>\n\t<meta property=\"og:image:width\" content=\"1200\" \/>\n\t<meta property=\"og:image:height\" content=\"1200\" \/>\n\t<meta property=\"og:image:type\" content=\"image\/jpeg\" \/>\n<meta name=\"twitter:card\" content=\"summary_large_image\" \/>\n<meta name=\"twitter:label1\" content=\"Est. reading time\" \/>\n\t<meta name=\"twitter:data1\" content=\"1 minute\" \/>\n<script type=\"application\/ld+json\" class=\"yoast-schema-graph\">{\"@context\":\"https:\/\/schema.org\",\"@graph\":[{\"@type\":\"WebPage\",\"@id\":\"https:\/\/tashkarugs.com\/produit\/tidrarine\/\",\"url\":\"https:\/\/tashkarugs.com\/produit\/tidrarine\/\",\"name\":\"Tidrarine - TASHKARUGS\",\"isPartOf\":{\"@id\":\"https:\/\/tashkarugs.com\/#website\"},\"primaryImageOfPage\":{\"@id\":\"https:\/\/tashkarugs.com\/produit\/tidrarine\/#primaryimage\"},\"image\":{\"@id\":\"https:\/\/tashkarugs.com\/produit\/tidrarine\/#primaryimage\"},\"thumbnailUrl\":\"https:\/\/tashkarugs.com\/wp-content\/uploads\/2023\/08\/tawada-trekking-Agence-de-voyage-Marrakech-Tawada-Trekking-071223-255-scaled.jpg\",\"datePublished\":\"2023-08-01T12:22:13+00:00\",\"description\":\"Tidrarine : TAWADA TREKKING est une agence de voyage Marrakech sp\u00e9cialis\u00e9e dans le trekking, l'artisanat et le g\u00eete. Profitez de nos prestations exceptionnelles pour d\u00e9couvrir le Maroc autrement.\",\"breadcrumb\":{\"@id\":\"https:\/\/tashkarugs.com\/produit\/tidrarine\/#breadcrumb\"},\"inLanguage\":\"en-US\",\"potentialAction\":[{\"@type\":\"ReadAction\",\"target\":[\"https:\/\/tashkarugs.com\/produit\/tidrarine\/\"]}]},{\"@type\":\"ImageObject\",\"inLanguage\":\"en-US\",\"@id\":\"https:\/\/tashkarugs.com\/produit\/tidrarine\/#primaryimage\",\"url\":\"https:\/\/tashkarugs.com\/wp-content\/uploads\/2023\/08\/tawada-trekking-Agence-de-voyage-Marrakech-Tawada-Trekking-071223-255-scaled.jpg\",\"contentUrl\":\"https:\/\/tashkarugs.com\/wp-content\/uploads\/2023\/08\/tawada-trekking-Agence-de-voyage-Marrakech-Tawada-Trekking-071223-255-scaled.jpg\",\"width\":1200,\"height\":1200,\"caption\":\"Tawada Trekking Agence De Voyage Marrakech Tawada Trekking Tapis amazigh 071223 255\"},{\"@type\":\"BreadcrumbList\",\"@id\":\"https:\/\/tashkarugs.com\/produit\/tidrarine\/#breadcrumb\",\"itemListElement\":[{\"@type\":\"ListItem\",\"position\":1,\"name\":\"Home\",\"item\":\"https:\/\/tashkarugs.com\/en\/\"},{\"@type\":\"ListItem\",\"position\":2,\"name\":\"TASHKARUGS SHOP\",\"item\":\"https:\/\/tashkarugs.com\/en\/tashkarugs-shop-2\/\"},{\"@type\":\"ListItem\",\"position\":3,\"name\":\"Tidrarine\"}]},{\"@type\":\"WebSite\",\"@id\":\"https:\/\/tashkarugs.com\/#website\",\"url\":\"https:\/\/tashkarugs.com\/\",\"name\":\"TASHKARUGS\",\"description\":\"\",\"publisher\":{\"@id\":\"https:\/\/tashkarugs.com\/#organization\"},\"potentialAction\":[{\"@type\":\"SearchAction\",\"target\":{\"@type\":\"EntryPoint\",\"urlTemplate\":\"https:\/\/tashkarugs.com\/?s={search_term_string}\"},\"query-input\":{\"@type\":\"PropertyValueSpecification\",\"valueRequired\":true,\"valueName\":\"search_term_string\"}}],\"inLanguage\":\"en-US\"},{\"@type\":\"Organization\",\"@id\":\"https:\/\/tashkarugs.com\/#organization\",\"name\":\"TASHKARUGS\",\"url\":\"https:\/\/tashkarugs.com\/\",\"logo\":{\"@type\":\"ImageObject\",\"inLanguage\":\"en-US\",\"@id\":\"https:\/\/tashkarugs.com\/#\/schema\/logo\/image\/\",\"url\":\"https:\/\/tashkarugs.com\/wp-content\/uploads\/2024\/05\/tashkarugs-Agence-de-voyage-Marrakech-Tashkarugs-Logo002.webp\",\"contentUrl\":\"https:\/\/tashkarugs.com\/wp-content\/uploads\/2024\/05\/tashkarugs-Agence-de-voyage-Marrakech-Tashkarugs-Logo002.webp\",\"width\":150,\"height\":84,\"caption\":\"TASHKARUGS\"},\"image\":{\"@id\":\"https:\/\/tashkarugs.com\/#\/schema\/logo\/image\/\"}}]}<\/script>\n<!-- \/ Yoast SEO plugin. -->","yoast_head_json":{"title":"Tidrarine - TASHKARUGS","description":"Tidrarine : TAWADA TREKKING est une agence de voyage Marrakech sp\u00e9cialis\u00e9e dans le trekking, l'artisanat et le g\u00eete. Profitez de nos prestations exceptionnelles pour d\u00e9couvrir le Maroc autrement.","robots":{"index":"index","follow":"follow","max-snippet":"max-snippet:-1","max-image-preview":"max-image-preview:large","max-video-preview":"max-video-preview:-1"},"canonical":"https:\/\/tashkarugs.com\/produit\/tidrarine\/","og_locale":"en_US","og_type":"article","og_title":"Tidrarine - TASHKARUGS","og_description":"Tidrarine : TAWADA TREKKING est une agence de voyage Marrakech sp\u00e9cialis\u00e9e dans le trekking, l'artisanat et le g\u00eete. Profitez de nos prestations exceptionnelles pour d\u00e9couvrir le Maroc autrement.","og_url":"https:\/\/tashkarugs.com\/produit\/tidrarine\/","og_site_name":"TASHKARUGS","og_image":[{"width":1200,"height":1200,"url":"https:\/\/tashkarugs.com\/wp-content\/uploads\/2023\/08\/tawada-trekking-Agence-de-voyage-Marrakech-Tawada-Trekking-071223-255-scaled.jpg","type":"image\/jpeg"}],"twitter_card":"summary_large_image","twitter_misc":{"Est. reading time":"1 minute"},"schema":{"@context":"https:\/\/schema.org","@graph":[{"@type":"WebPage","@id":"https:\/\/tashkarugs.com\/produit\/tidrarine\/","url":"https:\/\/tashkarugs.com\/produit\/tidrarine\/","name":"Tidrarine - TASHKARUGS","isPartOf":{"@id":"https:\/\/tashkarugs.com\/#website"},"primaryImageOfPage":{"@id":"https:\/\/tashkarugs.com\/produit\/tidrarine\/#primaryimage"},"image":{"@id":"https:\/\/tashkarugs.com\/produit\/tidrarine\/#primaryimage"},"thumbnailUrl":"https:\/\/tashkarugs.com\/wp-content\/uploads\/2023\/08\/tawada-trekking-Agence-de-voyage-Marrakech-Tawada-Trekking-071223-255-scaled.jpg","datePublished":"2023-08-01T12:22:13+00:00","description":"Tidrarine : TAWADA TREKKING est une agence de voyage Marrakech sp\u00e9cialis\u00e9e dans le trekking, l'artisanat et le g\u00eete. Profitez de nos prestations exceptionnelles pour d\u00e9couvrir le Maroc autrement.","breadcrumb":{"@id":"https:\/\/tashkarugs.com\/produit\/tidrarine\/#breadcrumb"},"inLanguage":"en-US","potentialAction":[{"@type":"ReadAction","target":["https:\/\/tashkarugs.com\/produit\/tidrarine\/"]}]},{"@type":"ImageObject","inLanguage":"en-US","@id":"https:\/\/tashkarugs.com\/produit\/tidrarine\/#primaryimage","url":"https:\/\/tashkarugs.com\/wp-content\/uploads\/2023\/08\/tawada-trekking-Agence-de-voyage-Marrakech-Tawada-Trekking-071223-255-scaled.jpg","contentUrl":"https:\/\/tashkarugs.com\/wp-content\/uploads\/2023\/08\/tawada-trekking-Agence-de-voyage-Marrakech-Tawada-Trekking-071223-255-scaled.jpg","width":1200,"height":1200,"caption":"Tawada Trekking Agence De Voyage Marrakech Tawada Trekking Tapis amazigh 071223 255"},{"@type":"BreadcrumbList","@id":"https:\/\/tashkarugs.com\/produit\/tidrarine\/#breadcrumb","itemListElement":[{"@type":"ListItem","position":1,"name":"Home","item":"https:\/\/tashkarugs.com\/en\/"},{"@type":"ListItem","position":2,"name":"TASHKARUGS SHOP","item":"https:\/\/tashkarugs.com\/en\/tashkarugs-shop-2\/"},{"@type":"ListItem","position":3,"name":"Tidrarine"}]},{"@type":"WebSite","@id":"https:\/\/tashkarugs.com\/#website","url":"https:\/\/tashkarugs.com\/","name":"TASHKARUGS","description":"","publisher":{"@id":"https:\/\/tashkarugs.com\/#organization"},"potentialAction":[{"@type":"SearchAction","target":{"@type":"EntryPoint","urlTemplate":"https:\/\/tashkarugs.com\/?s={search_term_string}"},"query-input":{"@type":"PropertyValueSpecification","valueRequired":true,"valueName":"search_term_string"}}],"inLanguage":"en-US"},{"@type":"Organization","@id":"https:\/\/tashkarugs.com\/#organization","name":"TASHKARUGS","url":"https:\/\/tashkarugs.com\/","logo":{"@type":"ImageObject","inLanguage":"en-US","@id":"https:\/\/tashkarugs.com\/#\/schema\/logo\/image\/","url":"https:\/\/tashkarugs.com\/wp-content\/uploads\/2024\/05\/tashkarugs-Agence-de-voyage-Marrakech-Tashkarugs-Logo002.webp","contentUrl":"https:\/\/tashkarugs.com\/wp-content\/uploads\/2024\/05\/tashkarugs-Agence-de-voyage-Marrakech-Tashkarugs-Logo002.webp","width":150,"height":84,"caption":"TASHKARUGS"},"image":{"@id":"https:\/\/tashkarugs.com\/#\/schema\/logo\/image\/"}}]}},"_links":{"self":[{"href":"https:\/\/tashkarugs.com\/en\/wp-json\/wp\/v2\/product\/3570","targetHints":{"allow":["GET"]}}],"collection":[{"href":"https:\/\/tashkarugs.com\/en\/wp-json\/wp\/v2\/product"}],"about":[{"href":"https:\/\/tashkarugs.com\/en\/wp-json\/wp\/v2\/types\/product"}],"replies":[{"embeddable":true,"href":"https:\/\/tashkarugs.com\/en\/wp-json\/wp\/v2\/comments?post=3570"}],"wp:featuredmedia":[{"embeddable":true,"href":"https:\/\/tashkarugs.com\/en\/wp-json\/wp\/v2\/media\/940"}],"wp:attachment":[{"href":"https:\/\/tashkarugs.com\/en\/wp-json\/wp\/v2\/media?parent=3570"}],"wp:term":[{"taxonomy":"product_brand","embeddable":true,"href":"https:\/\/tashkarugs.com\/en\/wp-json\/wp\/v2\/product_brand?post=3570"},{"taxonomy":"product_cat","embeddable":true,"href":"https:\/\/tashkarugs.com\/en\/wp-json\/wp\/v2\/product_cat?post=3570"},{"taxonomy":"product_tag","embeddable":true,"href":"https:\/\/tashkarugs.com\/en\/wp-json\/wp\/v2\/product_tag?post=3570"}],"curies":[{"name":"wp","href":"https:\/\/api.w.org\/{rel}","templated":true}]}}