{"id":3566,"date":"2023-08-01T14:23:32","date_gmt":"2023-08-01T12:23:32","guid":{"rendered":"https:\/\/tashka-rugs.com\/produit\/indigo\/"},"modified":"2023-08-01T14:23:32","modified_gmt":"2023-08-01T12:23:32","slug":"indigo","status":"publish","type":"product","link":"https:\/\/tashkarugs.com\/en\/produit\/indigo\/","title":{"rendered":"Indigo"},"content":{"rendered":"<p>Carefully crafted by the expert weavers of the Zat Valley, this hand-knotted rug is distinguished by its indigo hue, obtained using natural dyes. Each piece, made of pure wool, is the fruit of the careful observation and boundless imagination of these talented artisans. Designed to be unique, this rug can be personalized according to the colors and dimensions you choose, ensuring a truly bespoke piece. Measuring 2 meters by 1.50 meters, it is also easy to maintain, requiring washing at 30\u00b0.   <\/p>\n","protected":false},"excerpt":{"rendered":"<p><strong>Contemporary rug with an oriental touch.<\/strong><\/p>\n<ul>\n<li>Handmade by weavers from the Zat Valley.<\/li>\n<li>It is a knotted carpet, indigo color, original pure wool carpet with natural tint.<\/li>\n<li>This work is the result of the observation and imagination of the weavers.<\/li>\n<li>Each rug is woven differently for you, and can be made to measure depending on the color and size chosen.<\/li>\n<li>2m\/1m50 and wash at 30\u00b0<\/li>\n<\/ul>\n<p><strong>Ships via FedEx.<\/strong><\/p>\n","protected":false},"featured_media":961,"comment_status":"open","ping_status":"closed","template":"","meta":{"inline_featured_image":false},"product_brand":[],"product_cat":[102],"product_tag":[],"class_list":{"0":"post-3566","1":"product","2":"type-product","3":"status-publish","4":"has-post-thumbnail","6":"product_cat-contemporary-rugs","8":"first","9":"instock","10":"shipping-taxable","11":"purchasable","12":"product-type-simple"},"yoast_head":"<!-- This site is optimized with the Yoast SEO plugin v26.2 - https:\/\/yoast.com\/wordpress\/plugins\/seo\/ -->\n<title>Indigo - TASHKARUGS<\/title>\n<meta name=\"description\" content=\"Indigo : TAWADA TREKKING est une agence de voyage Marrakech sp\u00e9cialis\u00e9e dans le trekking, l&#039;artisanat et le g\u00eete. Profitez de nos prestations exceptionnelles pour d\u00e9couvrir le Maroc autrement.\" \/>\n<meta name=\"robots\" content=\"index, follow, max-snippet:-1, max-image-preview:large, max-video-preview:-1\" \/>\n<link rel=\"canonical\" href=\"https:\/\/tashkarugs.com\/produit\/indigo\/\" \/>\n<meta property=\"og:locale\" content=\"en_US\" \/>\n<meta property=\"og:type\" content=\"article\" \/>\n<meta property=\"og:title\" content=\"Indigo - TASHKARUGS\" \/>\n<meta property=\"og:description\" content=\"Indigo : TAWADA TREKKING est une agence de voyage Marrakech sp\u00e9cialis\u00e9e dans le trekking, l&#039;artisanat et le g\u00eete. Profitez de nos prestations exceptionnelles pour d\u00e9couvrir le Maroc autrement.\" \/>\n<meta property=\"og:url\" content=\"https:\/\/tashkarugs.com\/produit\/indigo\/\" \/>\n<meta property=\"og:site_name\" content=\"TASHKARUGS\" \/>\n<meta property=\"og:image\" content=\"https:\/\/tashkarugs.com\/wp-content\/uploads\/2023\/08\/tawada-trekking-Agence-de-voyage-Marrakech-Tawada-Trekking-071223-212-scaled.jpg\" \/>\n\t<meta property=\"og:image:width\" content=\"1200\" \/>\n\t<meta property=\"og:image:height\" content=\"1200\" \/>\n\t<meta property=\"og:image:type\" content=\"image\/jpeg\" \/>\n<meta name=\"twitter:card\" content=\"summary_large_image\" \/>\n<script type=\"application\/ld+json\" class=\"yoast-schema-graph\">{\"@context\":\"https:\/\/schema.org\",\"@graph\":[{\"@type\":\"WebPage\",\"@id\":\"https:\/\/tashkarugs.com\/produit\/indigo\/\",\"url\":\"https:\/\/tashkarugs.com\/produit\/indigo\/\",\"name\":\"Indigo - TASHKARUGS\",\"isPartOf\":{\"@id\":\"https:\/\/tashkarugs.com\/#website\"},\"primaryImageOfPage\":{\"@id\":\"https:\/\/tashkarugs.com\/produit\/indigo\/#primaryimage\"},\"image\":{\"@id\":\"https:\/\/tashkarugs.com\/produit\/indigo\/#primaryimage\"},\"thumbnailUrl\":\"https:\/\/tashkarugs.com\/wp-content\/uploads\/2023\/08\/tawada-trekking-Agence-de-voyage-Marrakech-Tawada-Trekking-071223-212-scaled.jpg\",\"datePublished\":\"2023-08-01T12:23:32+00:00\",\"description\":\"Indigo : TAWADA TREKKING est une agence de voyage Marrakech sp\u00e9cialis\u00e9e dans le trekking, l'artisanat et le g\u00eete. Profitez de nos prestations exceptionnelles pour d\u00e9couvrir le Maroc autrement.\",\"breadcrumb\":{\"@id\":\"https:\/\/tashkarugs.com\/produit\/indigo\/#breadcrumb\"},\"inLanguage\":\"en-US\",\"potentialAction\":[{\"@type\":\"ReadAction\",\"target\":[\"https:\/\/tashkarugs.com\/produit\/indigo\/\"]}]},{\"@type\":\"ImageObject\",\"inLanguage\":\"en-US\",\"@id\":\"https:\/\/tashkarugs.com\/produit\/indigo\/#primaryimage\",\"url\":\"https:\/\/tashkarugs.com\/wp-content\/uploads\/2023\/08\/tawada-trekking-Agence-de-voyage-Marrakech-Tawada-Trekking-071223-212-scaled.jpg\",\"contentUrl\":\"https:\/\/tashkarugs.com\/wp-content\/uploads\/2023\/08\/tawada-trekking-Agence-de-voyage-Marrakech-Tawada-Trekking-071223-212-scaled.jpg\",\"width\":1200,\"height\":1200,\"caption\":\"Tawada Trekking Agence De Voyage Marrakech Tawada Trekking Tapis amazigh 071223 212\"},{\"@type\":\"BreadcrumbList\",\"@id\":\"https:\/\/tashkarugs.com\/produit\/indigo\/#breadcrumb\",\"itemListElement\":[{\"@type\":\"ListItem\",\"position\":1,\"name\":\"Home\",\"item\":\"https:\/\/tashkarugs.com\/en\/\"},{\"@type\":\"ListItem\",\"position\":2,\"name\":\"TASHKARUGS SHOP\",\"item\":\"https:\/\/tashkarugs.com\/en\/tashkarugs-shop-2\/\"},{\"@type\":\"ListItem\",\"position\":3,\"name\":\"Indigo\"}]},{\"@type\":\"WebSite\",\"@id\":\"https:\/\/tashkarugs.com\/#website\",\"url\":\"https:\/\/tashkarugs.com\/\",\"name\":\"TASHKARUGS\",\"description\":\"\",\"publisher\":{\"@id\":\"https:\/\/tashkarugs.com\/#organization\"},\"potentialAction\":[{\"@type\":\"SearchAction\",\"target\":{\"@type\":\"EntryPoint\",\"urlTemplate\":\"https:\/\/tashkarugs.com\/?s={search_term_string}\"},\"query-input\":{\"@type\":\"PropertyValueSpecification\",\"valueRequired\":true,\"valueName\":\"search_term_string\"}}],\"inLanguage\":\"en-US\"},{\"@type\":\"Organization\",\"@id\":\"https:\/\/tashkarugs.com\/#organization\",\"name\":\"TASHKARUGS\",\"url\":\"https:\/\/tashkarugs.com\/\",\"logo\":{\"@type\":\"ImageObject\",\"inLanguage\":\"en-US\",\"@id\":\"https:\/\/tashkarugs.com\/#\/schema\/logo\/image\/\",\"url\":\"https:\/\/tashkarugs.com\/wp-content\/uploads\/2024\/05\/tashkarugs-Agence-de-voyage-Marrakech-Tashkarugs-Logo002.webp\",\"contentUrl\":\"https:\/\/tashkarugs.com\/wp-content\/uploads\/2024\/05\/tashkarugs-Agence-de-voyage-Marrakech-Tashkarugs-Logo002.webp\",\"width\":150,\"height\":84,\"caption\":\"TASHKARUGS\"},\"image\":{\"@id\":\"https:\/\/tashkarugs.com\/#\/schema\/logo\/image\/\"}}]}<\/script>\n<!-- \/ Yoast SEO plugin. -->","yoast_head_json":{"title":"Indigo - TASHKARUGS","description":"Indigo : TAWADA TREKKING est une agence de voyage Marrakech sp\u00e9cialis\u00e9e dans le trekking, l'artisanat et le g\u00eete. Profitez de nos prestations exceptionnelles pour d\u00e9couvrir le Maroc autrement.","robots":{"index":"index","follow":"follow","max-snippet":"max-snippet:-1","max-image-preview":"max-image-preview:large","max-video-preview":"max-video-preview:-1"},"canonical":"https:\/\/tashkarugs.com\/produit\/indigo\/","og_locale":"en_US","og_type":"article","og_title":"Indigo - TASHKARUGS","og_description":"Indigo : TAWADA TREKKING est une agence de voyage Marrakech sp\u00e9cialis\u00e9e dans le trekking, l'artisanat et le g\u00eete. Profitez de nos prestations exceptionnelles pour d\u00e9couvrir le Maroc autrement.","og_url":"https:\/\/tashkarugs.com\/produit\/indigo\/","og_site_name":"TASHKARUGS","og_image":[{"width":1200,"height":1200,"url":"https:\/\/tashkarugs.com\/wp-content\/uploads\/2023\/08\/tawada-trekking-Agence-de-voyage-Marrakech-Tawada-Trekking-071223-212-scaled.jpg","type":"image\/jpeg"}],"twitter_card":"summary_large_image","schema":{"@context":"https:\/\/schema.org","@graph":[{"@type":"WebPage","@id":"https:\/\/tashkarugs.com\/produit\/indigo\/","url":"https:\/\/tashkarugs.com\/produit\/indigo\/","name":"Indigo - TASHKARUGS","isPartOf":{"@id":"https:\/\/tashkarugs.com\/#website"},"primaryImageOfPage":{"@id":"https:\/\/tashkarugs.com\/produit\/indigo\/#primaryimage"},"image":{"@id":"https:\/\/tashkarugs.com\/produit\/indigo\/#primaryimage"},"thumbnailUrl":"https:\/\/tashkarugs.com\/wp-content\/uploads\/2023\/08\/tawada-trekking-Agence-de-voyage-Marrakech-Tawada-Trekking-071223-212-scaled.jpg","datePublished":"2023-08-01T12:23:32+00:00","description":"Indigo : TAWADA TREKKING est une agence de voyage Marrakech sp\u00e9cialis\u00e9e dans le trekking, l'artisanat et le g\u00eete. Profitez de nos prestations exceptionnelles pour d\u00e9couvrir le Maroc autrement.","breadcrumb":{"@id":"https:\/\/tashkarugs.com\/produit\/indigo\/#breadcrumb"},"inLanguage":"en-US","potentialAction":[{"@type":"ReadAction","target":["https:\/\/tashkarugs.com\/produit\/indigo\/"]}]},{"@type":"ImageObject","inLanguage":"en-US","@id":"https:\/\/tashkarugs.com\/produit\/indigo\/#primaryimage","url":"https:\/\/tashkarugs.com\/wp-content\/uploads\/2023\/08\/tawada-trekking-Agence-de-voyage-Marrakech-Tawada-Trekking-071223-212-scaled.jpg","contentUrl":"https:\/\/tashkarugs.com\/wp-content\/uploads\/2023\/08\/tawada-trekking-Agence-de-voyage-Marrakech-Tawada-Trekking-071223-212-scaled.jpg","width":1200,"height":1200,"caption":"Tawada Trekking Agence De Voyage Marrakech Tawada Trekking Tapis amazigh 071223 212"},{"@type":"BreadcrumbList","@id":"https:\/\/tashkarugs.com\/produit\/indigo\/#breadcrumb","itemListElement":[{"@type":"ListItem","position":1,"name":"Home","item":"https:\/\/tashkarugs.com\/en\/"},{"@type":"ListItem","position":2,"name":"TASHKARUGS SHOP","item":"https:\/\/tashkarugs.com\/en\/tashkarugs-shop-2\/"},{"@type":"ListItem","position":3,"name":"Indigo"}]},{"@type":"WebSite","@id":"https:\/\/tashkarugs.com\/#website","url":"https:\/\/tashkarugs.com\/","name":"TASHKARUGS","description":"","publisher":{"@id":"https:\/\/tashkarugs.com\/#organization"},"potentialAction":[{"@type":"SearchAction","target":{"@type":"EntryPoint","urlTemplate":"https:\/\/tashkarugs.com\/?s={search_term_string}"},"query-input":{"@type":"PropertyValueSpecification","valueRequired":true,"valueName":"search_term_string"}}],"inLanguage":"en-US"},{"@type":"Organization","@id":"https:\/\/tashkarugs.com\/#organization","name":"TASHKARUGS","url":"https:\/\/tashkarugs.com\/","logo":{"@type":"ImageObject","inLanguage":"en-US","@id":"https:\/\/tashkarugs.com\/#\/schema\/logo\/image\/","url":"https:\/\/tashkarugs.com\/wp-content\/uploads\/2024\/05\/tashkarugs-Agence-de-voyage-Marrakech-Tashkarugs-Logo002.webp","contentUrl":"https:\/\/tashkarugs.com\/wp-content\/uploads\/2024\/05\/tashkarugs-Agence-de-voyage-Marrakech-Tashkarugs-Logo002.webp","width":150,"height":84,"caption":"TASHKARUGS"},"image":{"@id":"https:\/\/tashkarugs.com\/#\/schema\/logo\/image\/"}}]}},"_links":{"self":[{"href":"https:\/\/tashkarugs.com\/en\/wp-json\/wp\/v2\/product\/3566","targetHints":{"allow":["GET"]}}],"collection":[{"href":"https:\/\/tashkarugs.com\/en\/wp-json\/wp\/v2\/product"}],"about":[{"href":"https:\/\/tashkarugs.com\/en\/wp-json\/wp\/v2\/types\/product"}],"replies":[{"embeddable":true,"href":"https:\/\/tashkarugs.com\/en\/wp-json\/wp\/v2\/comments?post=3566"}],"wp:featuredmedia":[{"embeddable":true,"href":"https:\/\/tashkarugs.com\/en\/wp-json\/wp\/v2\/media\/961"}],"wp:attachment":[{"href":"https:\/\/tashkarugs.com\/en\/wp-json\/wp\/v2\/media?parent=3566"}],"wp:term":[{"taxonomy":"product_brand","embeddable":true,"href":"https:\/\/tashkarugs.com\/en\/wp-json\/wp\/v2\/product_brand?post=3566"},{"taxonomy":"product_cat","embeddable":true,"href":"https:\/\/tashkarugs.com\/en\/wp-json\/wp\/v2\/product_cat?post=3566"},{"taxonomy":"product_tag","embeddable":true,"href":"https:\/\/tashkarugs.com\/en\/wp-json\/wp\/v2\/product_tag?post=3566"}],"curies":[{"name":"wp","href":"https:\/\/api.w.org\/{rel}","templated":true}]}}