{"id":3553,"date":"2023-11-10T09:36:52","date_gmt":"2023-11-10T08:36:52","guid":{"rendered":"https:\/\/tashka-rugs.com\/produit\/amoukrous-noeud-infini\/"},"modified":"2023-11-10T09:36:52","modified_gmt":"2023-11-10T08:36:52","slug":"amoukrous-noeud-infini","status":"publish","type":"product","link":"https:\/\/tashkarugs.com\/en\/produit\/amoukrous-noeud-infini\/","title":{"rendered":"Amoukrous Noeud infini"},"content":{"rendered":"<p><strong>Small Mandala Rug: The Art of the Endless Knot <\/strong>Inspired by the patterns of mandalas representing the endless knot, this rug illustrates the exceptional know-how of the weavers of the Zat valley. This new innovative weaving concept, developed in close collaboration with these talented women, continually pushes the boundaries of creativity. Hafida, having forged strong links with the mountain artisans, has consolidated a partnership based on innovation and tradition. Each rug is unique and can be personalized according to your color and size preferences, initially measuring 80cm by 1.20m. For maintenance, it is recommended to wash it at 30\u00b0C. This rug is not only a decorative element, but also a tribute to Moroccan craftsmanship, celebrating both tradition and modernity.<\/p>\n","protected":false},"excerpt":{"rendered":"<p><strong>Small Mandala Rug: The Art of the Endless Knot<\/strong> Inspired by the drawings of mandalas symbolizing the endless knot, this rug once again represents the remarkable know-how of the weavers of the Zat valley. Thanks to this new concept, we have developed an innovative weaving technique, constantly pushing the limits of progress alongside these exceptional women. Hafida has forged a very strong bond with the mountain artisans, consolidating a partnership of creation and innovation. Each rug is unique, woven especially for you, and can be personalized to your color and size preferences. <\/p>\n<ul>\n<li>Dimensions: 80 cm x 1.20 m<\/li>\n<li>Care instructions: Wash at 30\u00b0<\/li>\n<\/ul>\n<p> This rug is not just a decorative element, but a tribute to Moroccan tradition and artisanal innovation.<\/p>\n","protected":false},"featured_media":1497,"comment_status":"open","ping_status":"closed","template":"","meta":{"inline_featured_image":false},"product_brand":[],"product_cat":[99],"product_tag":[],"class_list":{"0":"post-3553","1":"product","2":"type-product","3":"status-publish","4":"has-post-thumbnail","6":"product_cat-tapis-tableau-en","8":"first","9":"instock","10":"shipping-taxable","11":"purchasable","12":"product-type-simple"},"yoast_head":"<!-- This site is optimized with the Yoast SEO plugin v26.2 - https:\/\/yoast.com\/wordpress\/plugins\/seo\/ -->\n<title>Amoukrous Noeud infini - TASHKARUGS<\/title>\n<meta name=\"description\" content=\"Amoukrous Noeud infini : TAWADA TREKKING est une agence de voyage Marrakech sp\u00e9cialis\u00e9e dans le trekking, l&#039;artisanat et le g\u00eete. Profitez de nos prestations exceptionnelles pour d\u00e9couvrir le Maroc autrement.\" \/>\n<meta name=\"robots\" content=\"index, follow, max-snippet:-1, max-image-preview:large, max-video-preview:-1\" \/>\n<link rel=\"canonical\" href=\"https:\/\/tashkarugs.com\/produit\/amoukrous-noeud-infini\/\" \/>\n<meta property=\"og:locale\" content=\"en_US\" \/>\n<meta property=\"og:type\" content=\"article\" \/>\n<meta property=\"og:title\" content=\"Amoukrous Noeud infini - TASHKARUGS\" \/>\n<meta property=\"og:description\" content=\"Amoukrous Noeud infini : TAWADA TREKKING est une agence de voyage Marrakech sp\u00e9cialis\u00e9e dans le trekking, l&#039;artisanat et le g\u00eete. Profitez de nos prestations exceptionnelles pour d\u00e9couvrir le Maroc autrement.\" \/>\n<meta property=\"og:url\" content=\"https:\/\/tashkarugs.com\/produit\/amoukrous-noeud-infini\/\" \/>\n<meta property=\"og:site_name\" content=\"TASHKARUGS\" \/>\n<meta property=\"og:image\" content=\"https:\/\/tashkarugs.com\/wp-content\/uploads\/2023\/11\/tawada-trekking-Agence-de-voyage-Marrakech-Amoukrous-Noeud-infini-Tapis-Mandala-1M_1M20cm-360-euro-scaled.jpg\" \/>\n\t<meta property=\"og:image:width\" content=\"2560\" \/>\n\t<meta property=\"og:image:height\" content=\"2560\" \/>\n\t<meta property=\"og:image:type\" content=\"image\/jpeg\" \/>\n<meta name=\"twitter:card\" content=\"summary_large_image\" \/>\n<meta name=\"twitter:label1\" content=\"Est. reading time\" \/>\n\t<meta name=\"twitter:data1\" content=\"1 minute\" \/>\n<script type=\"application\/ld+json\" class=\"yoast-schema-graph\">{\"@context\":\"https:\/\/schema.org\",\"@graph\":[{\"@type\":\"WebPage\",\"@id\":\"https:\/\/tashkarugs.com\/produit\/amoukrous-noeud-infini\/\",\"url\":\"https:\/\/tashkarugs.com\/produit\/amoukrous-noeud-infini\/\",\"name\":\"Amoukrous Noeud infini - TASHKARUGS\",\"isPartOf\":{\"@id\":\"https:\/\/tashkarugs.com\/#website\"},\"primaryImageOfPage\":{\"@id\":\"https:\/\/tashkarugs.com\/produit\/amoukrous-noeud-infini\/#primaryimage\"},\"image\":{\"@id\":\"https:\/\/tashkarugs.com\/produit\/amoukrous-noeud-infini\/#primaryimage\"},\"thumbnailUrl\":\"https:\/\/tashkarugs.com\/wp-content\/uploads\/2023\/11\/tawada-trekking-Agence-de-voyage-Marrakech-Amoukrous-Noeud-infini-Tapis-Mandala-1M_1M20cm-360-euro-scaled.jpg\",\"datePublished\":\"2023-11-10T08:36:52+00:00\",\"description\":\"Amoukrous Noeud infini : TAWADA TREKKING est une agence de voyage Marrakech sp\u00e9cialis\u00e9e dans le trekking, l'artisanat et le g\u00eete. Profitez de nos prestations exceptionnelles pour d\u00e9couvrir le Maroc autrement.\",\"breadcrumb\":{\"@id\":\"https:\/\/tashkarugs.com\/produit\/amoukrous-noeud-infini\/#breadcrumb\"},\"inLanguage\":\"en-US\",\"potentialAction\":[{\"@type\":\"ReadAction\",\"target\":[\"https:\/\/tashkarugs.com\/produit\/amoukrous-noeud-infini\/\"]}]},{\"@type\":\"ImageObject\",\"inLanguage\":\"en-US\",\"@id\":\"https:\/\/tashkarugs.com\/produit\/amoukrous-noeud-infini\/#primaryimage\",\"url\":\"https:\/\/tashkarugs.com\/wp-content\/uploads\/2023\/11\/tawada-trekking-Agence-de-voyage-Marrakech-Amoukrous-Noeud-infini-Tapis-Mandala-1M_1M20cm-360-euro-scaled.jpg\",\"contentUrl\":\"https:\/\/tashkarugs.com\/wp-content\/uploads\/2023\/11\/tawada-trekking-Agence-de-voyage-Marrakech-Amoukrous-Noeud-infini-Tapis-Mandala-1M_1M20cm-360-euro-scaled.jpg\",\"width\":2560,\"height\":2560,\"caption\":\"Tawada Trekking Agence De Voyage Marrakech Amoukrous Noeud Infini Tapis Mandala 1M 1M20cm 360 Euro\"},{\"@type\":\"BreadcrumbList\",\"@id\":\"https:\/\/tashkarugs.com\/produit\/amoukrous-noeud-infini\/#breadcrumb\",\"itemListElement\":[{\"@type\":\"ListItem\",\"position\":1,\"name\":\"Home\",\"item\":\"https:\/\/tashkarugs.com\/en\/\"},{\"@type\":\"ListItem\",\"position\":2,\"name\":\"TASHKARUGS SHOP\",\"item\":\"https:\/\/tashkarugs.com\/en\/tashkarugs-shop-2\/\"},{\"@type\":\"ListItem\",\"position\":3,\"name\":\"Amoukrous Noeud infini\"}]},{\"@type\":\"WebSite\",\"@id\":\"https:\/\/tashkarugs.com\/#website\",\"url\":\"https:\/\/tashkarugs.com\/\",\"name\":\"TASHKARUGS\",\"description\":\"\",\"publisher\":{\"@id\":\"https:\/\/tashkarugs.com\/#organization\"},\"potentialAction\":[{\"@type\":\"SearchAction\",\"target\":{\"@type\":\"EntryPoint\",\"urlTemplate\":\"https:\/\/tashkarugs.com\/?s={search_term_string}\"},\"query-input\":{\"@type\":\"PropertyValueSpecification\",\"valueRequired\":true,\"valueName\":\"search_term_string\"}}],\"inLanguage\":\"en-US\"},{\"@type\":\"Organization\",\"@id\":\"https:\/\/tashkarugs.com\/#organization\",\"name\":\"TASHKARUGS\",\"url\":\"https:\/\/tashkarugs.com\/\",\"logo\":{\"@type\":\"ImageObject\",\"inLanguage\":\"en-US\",\"@id\":\"https:\/\/tashkarugs.com\/#\/schema\/logo\/image\/\",\"url\":\"https:\/\/tashkarugs.com\/wp-content\/uploads\/2024\/05\/tashkarugs-Agence-de-voyage-Marrakech-Tashkarugs-Logo002.webp\",\"contentUrl\":\"https:\/\/tashkarugs.com\/wp-content\/uploads\/2024\/05\/tashkarugs-Agence-de-voyage-Marrakech-Tashkarugs-Logo002.webp\",\"width\":150,\"height\":84,\"caption\":\"TASHKARUGS\"},\"image\":{\"@id\":\"https:\/\/tashkarugs.com\/#\/schema\/logo\/image\/\"}}]}<\/script>\n<!-- \/ Yoast SEO plugin. -->","yoast_head_json":{"title":"Amoukrous Noeud infini - TASHKARUGS","description":"Amoukrous Noeud infini : TAWADA TREKKING est une agence de voyage Marrakech sp\u00e9cialis\u00e9e dans le trekking, l'artisanat et le g\u00eete. Profitez de nos prestations exceptionnelles pour d\u00e9couvrir le Maroc autrement.","robots":{"index":"index","follow":"follow","max-snippet":"max-snippet:-1","max-image-preview":"max-image-preview:large","max-video-preview":"max-video-preview:-1"},"canonical":"https:\/\/tashkarugs.com\/produit\/amoukrous-noeud-infini\/","og_locale":"en_US","og_type":"article","og_title":"Amoukrous Noeud infini - TASHKARUGS","og_description":"Amoukrous Noeud infini : TAWADA TREKKING est une agence de voyage Marrakech sp\u00e9cialis\u00e9e dans le trekking, l'artisanat et le g\u00eete. Profitez de nos prestations exceptionnelles pour d\u00e9couvrir le Maroc autrement.","og_url":"https:\/\/tashkarugs.com\/produit\/amoukrous-noeud-infini\/","og_site_name":"TASHKARUGS","og_image":[{"width":2560,"height":2560,"url":"https:\/\/tashkarugs.com\/wp-content\/uploads\/2023\/11\/tawada-trekking-Agence-de-voyage-Marrakech-Amoukrous-Noeud-infini-Tapis-Mandala-1M_1M20cm-360-euro-scaled.jpg","type":"image\/jpeg"}],"twitter_card":"summary_large_image","twitter_misc":{"Est. reading time":"1 minute"},"schema":{"@context":"https:\/\/schema.org","@graph":[{"@type":"WebPage","@id":"https:\/\/tashkarugs.com\/produit\/amoukrous-noeud-infini\/","url":"https:\/\/tashkarugs.com\/produit\/amoukrous-noeud-infini\/","name":"Amoukrous Noeud infini - TASHKARUGS","isPartOf":{"@id":"https:\/\/tashkarugs.com\/#website"},"primaryImageOfPage":{"@id":"https:\/\/tashkarugs.com\/produit\/amoukrous-noeud-infini\/#primaryimage"},"image":{"@id":"https:\/\/tashkarugs.com\/produit\/amoukrous-noeud-infini\/#primaryimage"},"thumbnailUrl":"https:\/\/tashkarugs.com\/wp-content\/uploads\/2023\/11\/tawada-trekking-Agence-de-voyage-Marrakech-Amoukrous-Noeud-infini-Tapis-Mandala-1M_1M20cm-360-euro-scaled.jpg","datePublished":"2023-11-10T08:36:52+00:00","description":"Amoukrous Noeud infini : TAWADA TREKKING est une agence de voyage Marrakech sp\u00e9cialis\u00e9e dans le trekking, l'artisanat et le g\u00eete. Profitez de nos prestations exceptionnelles pour d\u00e9couvrir le Maroc autrement.","breadcrumb":{"@id":"https:\/\/tashkarugs.com\/produit\/amoukrous-noeud-infini\/#breadcrumb"},"inLanguage":"en-US","potentialAction":[{"@type":"ReadAction","target":["https:\/\/tashkarugs.com\/produit\/amoukrous-noeud-infini\/"]}]},{"@type":"ImageObject","inLanguage":"en-US","@id":"https:\/\/tashkarugs.com\/produit\/amoukrous-noeud-infini\/#primaryimage","url":"https:\/\/tashkarugs.com\/wp-content\/uploads\/2023\/11\/tawada-trekking-Agence-de-voyage-Marrakech-Amoukrous-Noeud-infini-Tapis-Mandala-1M_1M20cm-360-euro-scaled.jpg","contentUrl":"https:\/\/tashkarugs.com\/wp-content\/uploads\/2023\/11\/tawada-trekking-Agence-de-voyage-Marrakech-Amoukrous-Noeud-infini-Tapis-Mandala-1M_1M20cm-360-euro-scaled.jpg","width":2560,"height":2560,"caption":"Tawada Trekking Agence De Voyage Marrakech Amoukrous Noeud Infini Tapis Mandala 1M 1M20cm 360 Euro"},{"@type":"BreadcrumbList","@id":"https:\/\/tashkarugs.com\/produit\/amoukrous-noeud-infini\/#breadcrumb","itemListElement":[{"@type":"ListItem","position":1,"name":"Home","item":"https:\/\/tashkarugs.com\/en\/"},{"@type":"ListItem","position":2,"name":"TASHKARUGS SHOP","item":"https:\/\/tashkarugs.com\/en\/tashkarugs-shop-2\/"},{"@type":"ListItem","position":3,"name":"Amoukrous Noeud infini"}]},{"@type":"WebSite","@id":"https:\/\/tashkarugs.com\/#website","url":"https:\/\/tashkarugs.com\/","name":"TASHKARUGS","description":"","publisher":{"@id":"https:\/\/tashkarugs.com\/#organization"},"potentialAction":[{"@type":"SearchAction","target":{"@type":"EntryPoint","urlTemplate":"https:\/\/tashkarugs.com\/?s={search_term_string}"},"query-input":{"@type":"PropertyValueSpecification","valueRequired":true,"valueName":"search_term_string"}}],"inLanguage":"en-US"},{"@type":"Organization","@id":"https:\/\/tashkarugs.com\/#organization","name":"TASHKARUGS","url":"https:\/\/tashkarugs.com\/","logo":{"@type":"ImageObject","inLanguage":"en-US","@id":"https:\/\/tashkarugs.com\/#\/schema\/logo\/image\/","url":"https:\/\/tashkarugs.com\/wp-content\/uploads\/2024\/05\/tashkarugs-Agence-de-voyage-Marrakech-Tashkarugs-Logo002.webp","contentUrl":"https:\/\/tashkarugs.com\/wp-content\/uploads\/2024\/05\/tashkarugs-Agence-de-voyage-Marrakech-Tashkarugs-Logo002.webp","width":150,"height":84,"caption":"TASHKARUGS"},"image":{"@id":"https:\/\/tashkarugs.com\/#\/schema\/logo\/image\/"}}]}},"_links":{"self":[{"href":"https:\/\/tashkarugs.com\/en\/wp-json\/wp\/v2\/product\/3553","targetHints":{"allow":["GET"]}}],"collection":[{"href":"https:\/\/tashkarugs.com\/en\/wp-json\/wp\/v2\/product"}],"about":[{"href":"https:\/\/tashkarugs.com\/en\/wp-json\/wp\/v2\/types\/product"}],"replies":[{"embeddable":true,"href":"https:\/\/tashkarugs.com\/en\/wp-json\/wp\/v2\/comments?post=3553"}],"wp:featuredmedia":[{"embeddable":true,"href":"https:\/\/tashkarugs.com\/en\/wp-json\/wp\/v2\/media\/1497"}],"wp:attachment":[{"href":"https:\/\/tashkarugs.com\/en\/wp-json\/wp\/v2\/media?parent=3553"}],"wp:term":[{"taxonomy":"product_brand","embeddable":true,"href":"https:\/\/tashkarugs.com\/en\/wp-json\/wp\/v2\/product_brand?post=3553"},{"taxonomy":"product_cat","embeddable":true,"href":"https:\/\/tashkarugs.com\/en\/wp-json\/wp\/v2\/product_cat?post=3553"},{"taxonomy":"product_tag","embeddable":true,"href":"https:\/\/tashkarugs.com\/en\/wp-json\/wp\/v2\/product_tag?post=3553"}],"curies":[{"name":"wp","href":"https:\/\/api.w.org\/{rel}","templated":true}]}}