{"id":3550,"date":"2023-11-10T14:39:02","date_gmt":"2023-11-10T13:39:02","guid":{"rendered":"https:\/\/tashka-rugs.com\/produit\/bejmat\/"},"modified":"2025-03-06T20:27:50","modified_gmt":"2025-03-06T19:27:50","slug":"bejmat","status":"publish","type":"product","link":"https:\/\/tashkarugs.com\/en\/produit\/bejmat\/","title":{"rendered":"Bejmat"},"content":{"rendered":"<p>Carefully made by the talented weavers of the Zat valley, this natural wool rug is the result of modernized traditional know-how. Inspired by the Ashdoui technique, this flat-woven rug combines ancestral traditions and contemporary creativity. Each piece is unique, personalized to your color and size preferences. With dimensions of 1 meter by 80 cm, this rug is easy to maintain; washing at 30\u00b0 is enough to preserve its beauty.<\/p>\n","protected":false},"excerpt":{"rendered":"<p><strong>Contemporary rug with an oriental touch.<\/strong><\/p>\n<ul>\n<li>Handmade by weavers from the Zat Valley.<\/li>\n<li>It is a flat-woven rug, pure wool with natural tint, inspired by the modernized Ashdoui technique. This work is the result of the observation and imagination of the weavers.<\/li>\n<li>Each rug is woven differently for you, and can be made to measure depending on the color and size chosen.<\/li>\n<li>1m\/80cm and wash at 30\u00b0<\/li>\n<\/ul>\n<p><strong>Ships via FedEx.<\/strong><\/p>\n","protected":false},"featured_media":1507,"comment_status":"open","ping_status":"closed","template":"","meta":{"inline_featured_image":false},"product_brand":[],"product_cat":[102],"product_tag":[],"class_list":{"0":"post-3550","1":"product","2":"type-product","3":"status-publish","4":"has-post-thumbnail","6":"product_cat-contemporary-rugs","8":"first","9":"instock","10":"shipping-taxable","11":"purchasable","12":"product-type-simple"},"yoast_head":"<!-- This site is optimized with the Yoast SEO plugin v26.2 - https:\/\/yoast.com\/wordpress\/plugins\/seo\/ -->\n<title>Bejmat - TASHKARUGS<\/title>\n<meta name=\"description\" content=\"Bejmat : TAWADA TREKKING est une agence de voyage Marrakech sp\u00e9cialis\u00e9e dans le trekking, l&#039;artisanat et le g\u00eete. Profitez de nos prestations exceptionnelles pour d\u00e9couvrir le Maroc autrement.\" \/>\n<meta name=\"robots\" content=\"index, follow, max-snippet:-1, max-image-preview:large, max-video-preview:-1\" \/>\n<link rel=\"canonical\" href=\"https:\/\/tashkarugs.com\/en\/produit\/bejmat\/\" \/>\n<meta property=\"og:locale\" content=\"en_US\" \/>\n<meta property=\"og:type\" content=\"article\" \/>\n<meta property=\"og:title\" content=\"Bejmat - TASHKARUGS\" \/>\n<meta property=\"og:description\" content=\"Bejmat : TAWADA TREKKING est une agence de voyage Marrakech sp\u00e9cialis\u00e9e dans le trekking, l&#039;artisanat et le g\u00eete. Profitez de nos prestations exceptionnelles pour d\u00e9couvrir le Maroc autrement.\" \/>\n<meta property=\"og:url\" content=\"https:\/\/tashkarugs.com\/en\/produit\/bejmat\/\" \/>\n<meta property=\"og:site_name\" content=\"TASHKARUGS\" \/>\n<meta property=\"article:modified_time\" content=\"2025-03-06T19:27:50+00:00\" \/>\n<meta property=\"og:image\" content=\"https:\/\/tashkarugs.com\/wp-content\/uploads\/2023\/11\/tawada-trekking-Agence-de-voyage-Marrakech-Bejmat.-Tapis-contemporains-80_100-240-euro-scaled.jpg\" \/>\n\t<meta property=\"og:image:width\" content=\"2560\" \/>\n\t<meta property=\"og:image:height\" content=\"2560\" \/>\n\t<meta property=\"og:image:type\" content=\"image\/jpeg\" \/>\n<meta name=\"twitter:card\" content=\"summary_large_image\" \/>\n<script type=\"application\/ld+json\" class=\"yoast-schema-graph\">{\"@context\":\"https:\/\/schema.org\",\"@graph\":[{\"@type\":\"WebPage\",\"@id\":\"https:\/\/tashkarugs.com\/en\/produit\/bejmat\/\",\"url\":\"https:\/\/tashkarugs.com\/en\/produit\/bejmat\/\",\"name\":\"Bejmat - TASHKARUGS\",\"isPartOf\":{\"@id\":\"https:\/\/tashkarugs.com\/#website\"},\"primaryImageOfPage\":{\"@id\":\"https:\/\/tashkarugs.com\/en\/produit\/bejmat\/#primaryimage\"},\"image\":{\"@id\":\"https:\/\/tashkarugs.com\/en\/produit\/bejmat\/#primaryimage\"},\"thumbnailUrl\":\"https:\/\/tashkarugs.com\/wp-content\/uploads\/2023\/11\/tawada-trekking-Agence-de-voyage-Marrakech-Bejmat.-Tapis-contemporains-80_100-240-euro-scaled.jpg\",\"datePublished\":\"2023-11-10T13:39:02+00:00\",\"dateModified\":\"2025-03-06T19:27:50+00:00\",\"description\":\"Bejmat : TAWADA TREKKING est une agence de voyage Marrakech sp\u00e9cialis\u00e9e dans le trekking, l'artisanat et le g\u00eete. Profitez de nos prestations exceptionnelles pour d\u00e9couvrir le Maroc autrement.\",\"breadcrumb\":{\"@id\":\"https:\/\/tashkarugs.com\/en\/produit\/bejmat\/#breadcrumb\"},\"inLanguage\":\"en-US\",\"potentialAction\":[{\"@type\":\"ReadAction\",\"target\":[\"https:\/\/tashkarugs.com\/en\/produit\/bejmat\/\"]}]},{\"@type\":\"ImageObject\",\"inLanguage\":\"en-US\",\"@id\":\"https:\/\/tashkarugs.com\/en\/produit\/bejmat\/#primaryimage\",\"url\":\"https:\/\/tashkarugs.com\/wp-content\/uploads\/2023\/11\/tawada-trekking-Agence-de-voyage-Marrakech-Bejmat.-Tapis-contemporains-80_100-240-euro-scaled.jpg\",\"contentUrl\":\"https:\/\/tashkarugs.com\/wp-content\/uploads\/2023\/11\/tawada-trekking-Agence-de-voyage-Marrakech-Bejmat.-Tapis-contemporains-80_100-240-euro-scaled.jpg\",\"width\":2560,\"height\":2560,\"caption\":\"Bejmat\"},{\"@type\":\"BreadcrumbList\",\"@id\":\"https:\/\/tashkarugs.com\/en\/produit\/bejmat\/#breadcrumb\",\"itemListElement\":[{\"@type\":\"ListItem\",\"position\":1,\"name\":\"Home\",\"item\":\"https:\/\/tashkarugs.com\/en\/\"},{\"@type\":\"ListItem\",\"position\":2,\"name\":\"TASHKARUGS SHOP\",\"item\":\"https:\/\/tashkarugs.com\/en\/tashkarugs-shop-2\/\"},{\"@type\":\"ListItem\",\"position\":3,\"name\":\"Bejmat\"}]},{\"@type\":\"WebSite\",\"@id\":\"https:\/\/tashkarugs.com\/#website\",\"url\":\"https:\/\/tashkarugs.com\/\",\"name\":\"TASHKARUGS\",\"description\":\"\",\"publisher\":{\"@id\":\"https:\/\/tashkarugs.com\/#organization\"},\"potentialAction\":[{\"@type\":\"SearchAction\",\"target\":{\"@type\":\"EntryPoint\",\"urlTemplate\":\"https:\/\/tashkarugs.com\/?s={search_term_string}\"},\"query-input\":{\"@type\":\"PropertyValueSpecification\",\"valueRequired\":true,\"valueName\":\"search_term_string\"}}],\"inLanguage\":\"en-US\"},{\"@type\":\"Organization\",\"@id\":\"https:\/\/tashkarugs.com\/#organization\",\"name\":\"TASHKARUGS\",\"url\":\"https:\/\/tashkarugs.com\/\",\"logo\":{\"@type\":\"ImageObject\",\"inLanguage\":\"en-US\",\"@id\":\"https:\/\/tashkarugs.com\/#\/schema\/logo\/image\/\",\"url\":\"https:\/\/tashkarugs.com\/wp-content\/uploads\/2024\/05\/tashkarugs-Agence-de-voyage-Marrakech-Tashkarugs-Logo002.webp\",\"contentUrl\":\"https:\/\/tashkarugs.com\/wp-content\/uploads\/2024\/05\/tashkarugs-Agence-de-voyage-Marrakech-Tashkarugs-Logo002.webp\",\"width\":150,\"height\":84,\"caption\":\"TASHKARUGS\"},\"image\":{\"@id\":\"https:\/\/tashkarugs.com\/#\/schema\/logo\/image\/\"}}]}<\/script>\n<!-- \/ Yoast SEO plugin. -->","yoast_head_json":{"title":"Bejmat - TASHKARUGS","description":"Bejmat : TAWADA TREKKING est une agence de voyage Marrakech sp\u00e9cialis\u00e9e dans le trekking, l'artisanat et le g\u00eete. Profitez de nos prestations exceptionnelles pour d\u00e9couvrir le Maroc autrement.","robots":{"index":"index","follow":"follow","max-snippet":"max-snippet:-1","max-image-preview":"max-image-preview:large","max-video-preview":"max-video-preview:-1"},"canonical":"https:\/\/tashkarugs.com\/en\/produit\/bejmat\/","og_locale":"en_US","og_type":"article","og_title":"Bejmat - TASHKARUGS","og_description":"Bejmat : TAWADA TREKKING est une agence de voyage Marrakech sp\u00e9cialis\u00e9e dans le trekking, l'artisanat et le g\u00eete. Profitez de nos prestations exceptionnelles pour d\u00e9couvrir le Maroc autrement.","og_url":"https:\/\/tashkarugs.com\/en\/produit\/bejmat\/","og_site_name":"TASHKARUGS","article_modified_time":"2025-03-06T19:27:50+00:00","og_image":[{"width":2560,"height":2560,"url":"https:\/\/tashkarugs.com\/wp-content\/uploads\/2023\/11\/tawada-trekking-Agence-de-voyage-Marrakech-Bejmat.-Tapis-contemporains-80_100-240-euro-scaled.jpg","type":"image\/jpeg"}],"twitter_card":"summary_large_image","schema":{"@context":"https:\/\/schema.org","@graph":[{"@type":"WebPage","@id":"https:\/\/tashkarugs.com\/en\/produit\/bejmat\/","url":"https:\/\/tashkarugs.com\/en\/produit\/bejmat\/","name":"Bejmat - TASHKARUGS","isPartOf":{"@id":"https:\/\/tashkarugs.com\/#website"},"primaryImageOfPage":{"@id":"https:\/\/tashkarugs.com\/en\/produit\/bejmat\/#primaryimage"},"image":{"@id":"https:\/\/tashkarugs.com\/en\/produit\/bejmat\/#primaryimage"},"thumbnailUrl":"https:\/\/tashkarugs.com\/wp-content\/uploads\/2023\/11\/tawada-trekking-Agence-de-voyage-Marrakech-Bejmat.-Tapis-contemporains-80_100-240-euro-scaled.jpg","datePublished":"2023-11-10T13:39:02+00:00","dateModified":"2025-03-06T19:27:50+00:00","description":"Bejmat : TAWADA TREKKING est une agence de voyage Marrakech sp\u00e9cialis\u00e9e dans le trekking, l'artisanat et le g\u00eete. Profitez de nos prestations exceptionnelles pour d\u00e9couvrir le Maroc autrement.","breadcrumb":{"@id":"https:\/\/tashkarugs.com\/en\/produit\/bejmat\/#breadcrumb"},"inLanguage":"en-US","potentialAction":[{"@type":"ReadAction","target":["https:\/\/tashkarugs.com\/en\/produit\/bejmat\/"]}]},{"@type":"ImageObject","inLanguage":"en-US","@id":"https:\/\/tashkarugs.com\/en\/produit\/bejmat\/#primaryimage","url":"https:\/\/tashkarugs.com\/wp-content\/uploads\/2023\/11\/tawada-trekking-Agence-de-voyage-Marrakech-Bejmat.-Tapis-contemporains-80_100-240-euro-scaled.jpg","contentUrl":"https:\/\/tashkarugs.com\/wp-content\/uploads\/2023\/11\/tawada-trekking-Agence-de-voyage-Marrakech-Bejmat.-Tapis-contemporains-80_100-240-euro-scaled.jpg","width":2560,"height":2560,"caption":"Bejmat"},{"@type":"BreadcrumbList","@id":"https:\/\/tashkarugs.com\/en\/produit\/bejmat\/#breadcrumb","itemListElement":[{"@type":"ListItem","position":1,"name":"Home","item":"https:\/\/tashkarugs.com\/en\/"},{"@type":"ListItem","position":2,"name":"TASHKARUGS SHOP","item":"https:\/\/tashkarugs.com\/en\/tashkarugs-shop-2\/"},{"@type":"ListItem","position":3,"name":"Bejmat"}]},{"@type":"WebSite","@id":"https:\/\/tashkarugs.com\/#website","url":"https:\/\/tashkarugs.com\/","name":"TASHKARUGS","description":"","publisher":{"@id":"https:\/\/tashkarugs.com\/#organization"},"potentialAction":[{"@type":"SearchAction","target":{"@type":"EntryPoint","urlTemplate":"https:\/\/tashkarugs.com\/?s={search_term_string}"},"query-input":{"@type":"PropertyValueSpecification","valueRequired":true,"valueName":"search_term_string"}}],"inLanguage":"en-US"},{"@type":"Organization","@id":"https:\/\/tashkarugs.com\/#organization","name":"TASHKARUGS","url":"https:\/\/tashkarugs.com\/","logo":{"@type":"ImageObject","inLanguage":"en-US","@id":"https:\/\/tashkarugs.com\/#\/schema\/logo\/image\/","url":"https:\/\/tashkarugs.com\/wp-content\/uploads\/2024\/05\/tashkarugs-Agence-de-voyage-Marrakech-Tashkarugs-Logo002.webp","contentUrl":"https:\/\/tashkarugs.com\/wp-content\/uploads\/2024\/05\/tashkarugs-Agence-de-voyage-Marrakech-Tashkarugs-Logo002.webp","width":150,"height":84,"caption":"TASHKARUGS"},"image":{"@id":"https:\/\/tashkarugs.com\/#\/schema\/logo\/image\/"}}]}},"_links":{"self":[{"href":"https:\/\/tashkarugs.com\/en\/wp-json\/wp\/v2\/product\/3550","targetHints":{"allow":["GET"]}}],"collection":[{"href":"https:\/\/tashkarugs.com\/en\/wp-json\/wp\/v2\/product"}],"about":[{"href":"https:\/\/tashkarugs.com\/en\/wp-json\/wp\/v2\/types\/product"}],"replies":[{"embeddable":true,"href":"https:\/\/tashkarugs.com\/en\/wp-json\/wp\/v2\/comments?post=3550"}],"wp:featuredmedia":[{"embeddable":true,"href":"https:\/\/tashkarugs.com\/en\/wp-json\/wp\/v2\/media\/1507"}],"wp:attachment":[{"href":"https:\/\/tashkarugs.com\/en\/wp-json\/wp\/v2\/media?parent=3550"}],"wp:term":[{"taxonomy":"product_brand","embeddable":true,"href":"https:\/\/tashkarugs.com\/en\/wp-json\/wp\/v2\/product_brand?post=3550"},{"taxonomy":"product_cat","embeddable":true,"href":"https:\/\/tashkarugs.com\/en\/wp-json\/wp\/v2\/product_cat?post=3550"},{"taxonomy":"product_tag","embeddable":true,"href":"https:\/\/tashkarugs.com\/en\/wp-json\/wp\/v2\/product_tag?post=3550"}],"curies":[{"name":"wp","href":"https:\/\/api.w.org\/{rel}","templated":true}]}}