{"id":3470,"date":"2024-04-23T14:27:39","date_gmt":"2024-04-23T12:27:39","guid":{"rendered":"https:\/\/tashka-rugs.com\/produit\/touama\/"},"modified":"2024-07-23T15:49:50","modified_gmt":"2024-07-23T13:49:50","slug":"touama","status":"publish","type":"product","link":"https:\/\/tashkarugs.com\/en\/produit\/touama\/","title":{"rendered":"Touama"},"content":{"rendered":"<p>Inspired by the vibrant and dynamic designs of famous painter Keith Haring, this unique rug is a true work of art. With its vibrant colors and regular strokes, it represents a new challenge for women artisans, demonstrating their talent and ability to merge the art of the brush with hand weaving. This rug can be used as a wall centerpiece or to add an artistic touch to the floor. Measuring 116 cm by 78 cm, it is both functional and aesthetic. To preserve its beauty and quality, it is recommended to wash it at 30\u00b0C. Each rug is a unique piece, crafted with care and can be personalized to your color and size preferences, making each creation truly special.<\/p>\n","protected":false},"excerpt":{"rendered":"<p><strong>Tableau rug inspired by the drawings of the famous painter Keith Haren.<\/strong><\/p>\n<ul>\n<li>With its bright colors and these regular strokes, it is a new challenge for women to prove their know-how and the idea of combining the art of the brush with that of hand weaving.<\/li>\n<li>This rug can adorn a wall or be used as a floor rug.<\/li>\n<li>116 cm\/78 cm and wash at 30\u00b0.<\/li>\n<\/ul>\n<p><strong>Ships via FedEx.<\/strong><\/p>\n","protected":false},"featured_media":3406,"comment_status":"open","ping_status":"closed","template":"","meta":{"inline_featured_image":false},"product_brand":[],"product_cat":[99],"product_tag":[],"class_list":{"0":"post-3470","1":"product","2":"type-product","3":"status-publish","4":"has-post-thumbnail","6":"product_cat-tapis-tableau-en","8":"first","9":"instock","10":"shipping-taxable","11":"purchasable","12":"product-type-simple"},"yoast_head":"<!-- This site is optimized with the Yoast SEO plugin v26.2 - https:\/\/yoast.com\/wordpress\/plugins\/seo\/ -->\n<title>Touama - TASHKARUGS<\/title>\n<meta name=\"description\" content=\"Touama : TAWADA TREKKING est une agence de voyage Marrakech sp\u00e9cialis\u00e9e dans le trekking, l&#039;artisanat et le g\u00eete. Profitez de nos prestations exceptionnelles pour d\u00e9couvrir le Maroc autrement.\" \/>\n<meta name=\"robots\" content=\"index, follow, max-snippet:-1, max-image-preview:large, max-video-preview:-1\" \/>\n<link rel=\"canonical\" href=\"https:\/\/tashkarugs.com\/produit\/touama\/\" \/>\n<meta property=\"og:locale\" content=\"en_US\" \/>\n<meta property=\"og:type\" content=\"article\" \/>\n<meta property=\"og:title\" content=\"Touama - TASHKARUGS\" \/>\n<meta property=\"og:description\" content=\"Touama : TAWADA TREKKING est une agence de voyage Marrakech sp\u00e9cialis\u00e9e dans le trekking, l&#039;artisanat et le g\u00eete. Profitez de nos prestations exceptionnelles pour d\u00e9couvrir le Maroc autrement.\" \/>\n<meta property=\"og:url\" content=\"https:\/\/tashkarugs.com\/produit\/touama\/\" \/>\n<meta property=\"og:site_name\" content=\"TASHKARUGS\" \/>\n<meta property=\"article:modified_time\" content=\"2024-07-23T13:49:50+00:00\" \/>\n<meta property=\"og:image\" content=\"https:\/\/tashkarugs.com\/wp-content\/uploads\/2024\/04\/tashkarugs-Agence-de-voyage-Marrakech-Tashkarugs-2-produits-weshore.webp\" \/>\n\t<meta property=\"og:image:width\" content=\"700\" \/>\n\t<meta property=\"og:image:height\" content=\"700\" \/>\n\t<meta property=\"og:image:type\" content=\"image\/webp\" \/>\n<meta name=\"twitter:card\" content=\"summary_large_image\" \/>\n<meta name=\"twitter:label1\" content=\"Est. reading time\" \/>\n\t<meta name=\"twitter:data1\" content=\"1 minute\" \/>\n<script type=\"application\/ld+json\" class=\"yoast-schema-graph\">{\"@context\":\"https:\/\/schema.org\",\"@graph\":[{\"@type\":\"WebPage\",\"@id\":\"https:\/\/tashkarugs.com\/produit\/touama\/\",\"url\":\"https:\/\/tashkarugs.com\/produit\/touama\/\",\"name\":\"Touama - TASHKARUGS\",\"isPartOf\":{\"@id\":\"https:\/\/tashkarugs.com\/#website\"},\"primaryImageOfPage\":{\"@id\":\"https:\/\/tashkarugs.com\/produit\/touama\/#primaryimage\"},\"image\":{\"@id\":\"https:\/\/tashkarugs.com\/produit\/touama\/#primaryimage\"},\"thumbnailUrl\":\"https:\/\/tashkarugs.com\/wp-content\/uploads\/2024\/04\/tashkarugs-Agence-de-voyage-Marrakech-Tashkarugs-2-produits-weshore.webp\",\"datePublished\":\"2024-04-23T12:27:39+00:00\",\"dateModified\":\"2024-07-23T13:49:50+00:00\",\"description\":\"Touama : TAWADA TREKKING est une agence de voyage Marrakech sp\u00e9cialis\u00e9e dans le trekking, l'artisanat et le g\u00eete. Profitez de nos prestations exceptionnelles pour d\u00e9couvrir le Maroc autrement.\",\"breadcrumb\":{\"@id\":\"https:\/\/tashkarugs.com\/produit\/touama\/#breadcrumb\"},\"inLanguage\":\"en-US\",\"potentialAction\":[{\"@type\":\"ReadAction\",\"target\":[\"https:\/\/tashkarugs.com\/produit\/touama\/\"]}]},{\"@type\":\"ImageObject\",\"inLanguage\":\"en-US\",\"@id\":\"https:\/\/tashkarugs.com\/produit\/touama\/#primaryimage\",\"url\":\"https:\/\/tashkarugs.com\/wp-content\/uploads\/2024\/04\/tashkarugs-Agence-de-voyage-Marrakech-Tashkarugs-2-produits-weshore.webp\",\"contentUrl\":\"https:\/\/tashkarugs.com\/wp-content\/uploads\/2024\/04\/tashkarugs-Agence-de-voyage-Marrakech-Tashkarugs-2-produits-weshore.webp\",\"width\":700,\"height\":700},{\"@type\":\"BreadcrumbList\",\"@id\":\"https:\/\/tashkarugs.com\/produit\/touama\/#breadcrumb\",\"itemListElement\":[{\"@type\":\"ListItem\",\"position\":1,\"name\":\"Home\",\"item\":\"https:\/\/tashkarugs.com\/en\/\"},{\"@type\":\"ListItem\",\"position\":2,\"name\":\"TASHKARUGS SHOP\",\"item\":\"https:\/\/tashkarugs.com\/en\/tashkarugs-shop-2\/\"},{\"@type\":\"ListItem\",\"position\":3,\"name\":\"Touama\"}]},{\"@type\":\"WebSite\",\"@id\":\"https:\/\/tashkarugs.com\/#website\",\"url\":\"https:\/\/tashkarugs.com\/\",\"name\":\"TASHKARUGS\",\"description\":\"\",\"publisher\":{\"@id\":\"https:\/\/tashkarugs.com\/#organization\"},\"potentialAction\":[{\"@type\":\"SearchAction\",\"target\":{\"@type\":\"EntryPoint\",\"urlTemplate\":\"https:\/\/tashkarugs.com\/?s={search_term_string}\"},\"query-input\":{\"@type\":\"PropertyValueSpecification\",\"valueRequired\":true,\"valueName\":\"search_term_string\"}}],\"inLanguage\":\"en-US\"},{\"@type\":\"Organization\",\"@id\":\"https:\/\/tashkarugs.com\/#organization\",\"name\":\"TASHKARUGS\",\"url\":\"https:\/\/tashkarugs.com\/\",\"logo\":{\"@type\":\"ImageObject\",\"inLanguage\":\"en-US\",\"@id\":\"https:\/\/tashkarugs.com\/#\/schema\/logo\/image\/\",\"url\":\"https:\/\/tashkarugs.com\/wp-content\/uploads\/2024\/05\/tashkarugs-Agence-de-voyage-Marrakech-Tashkarugs-Logo002.webp\",\"contentUrl\":\"https:\/\/tashkarugs.com\/wp-content\/uploads\/2024\/05\/tashkarugs-Agence-de-voyage-Marrakech-Tashkarugs-Logo002.webp\",\"width\":150,\"height\":84,\"caption\":\"TASHKARUGS\"},\"image\":{\"@id\":\"https:\/\/tashkarugs.com\/#\/schema\/logo\/image\/\"}}]}<\/script>\n<!-- \/ Yoast SEO plugin. -->","yoast_head_json":{"title":"Touama - TASHKARUGS","description":"Touama : TAWADA TREKKING est une agence de voyage Marrakech sp\u00e9cialis\u00e9e dans le trekking, l'artisanat et le g\u00eete. Profitez de nos prestations exceptionnelles pour d\u00e9couvrir le Maroc autrement.","robots":{"index":"index","follow":"follow","max-snippet":"max-snippet:-1","max-image-preview":"max-image-preview:large","max-video-preview":"max-video-preview:-1"},"canonical":"https:\/\/tashkarugs.com\/produit\/touama\/","og_locale":"en_US","og_type":"article","og_title":"Touama - TASHKARUGS","og_description":"Touama : TAWADA TREKKING est une agence de voyage Marrakech sp\u00e9cialis\u00e9e dans le trekking, l'artisanat et le g\u00eete. Profitez de nos prestations exceptionnelles pour d\u00e9couvrir le Maroc autrement.","og_url":"https:\/\/tashkarugs.com\/produit\/touama\/","og_site_name":"TASHKARUGS","article_modified_time":"2024-07-23T13:49:50+00:00","og_image":[{"width":700,"height":700,"url":"https:\/\/tashkarugs.com\/wp-content\/uploads\/2024\/04\/tashkarugs-Agence-de-voyage-Marrakech-Tashkarugs-2-produits-weshore.webp","type":"image\/webp"}],"twitter_card":"summary_large_image","twitter_misc":{"Est. reading time":"1 minute"},"schema":{"@context":"https:\/\/schema.org","@graph":[{"@type":"WebPage","@id":"https:\/\/tashkarugs.com\/produit\/touama\/","url":"https:\/\/tashkarugs.com\/produit\/touama\/","name":"Touama - TASHKARUGS","isPartOf":{"@id":"https:\/\/tashkarugs.com\/#website"},"primaryImageOfPage":{"@id":"https:\/\/tashkarugs.com\/produit\/touama\/#primaryimage"},"image":{"@id":"https:\/\/tashkarugs.com\/produit\/touama\/#primaryimage"},"thumbnailUrl":"https:\/\/tashkarugs.com\/wp-content\/uploads\/2024\/04\/tashkarugs-Agence-de-voyage-Marrakech-Tashkarugs-2-produits-weshore.webp","datePublished":"2024-04-23T12:27:39+00:00","dateModified":"2024-07-23T13:49:50+00:00","description":"Touama : TAWADA TREKKING est une agence de voyage Marrakech sp\u00e9cialis\u00e9e dans le trekking, l'artisanat et le g\u00eete. Profitez de nos prestations exceptionnelles pour d\u00e9couvrir le Maroc autrement.","breadcrumb":{"@id":"https:\/\/tashkarugs.com\/produit\/touama\/#breadcrumb"},"inLanguage":"en-US","potentialAction":[{"@type":"ReadAction","target":["https:\/\/tashkarugs.com\/produit\/touama\/"]}]},{"@type":"ImageObject","inLanguage":"en-US","@id":"https:\/\/tashkarugs.com\/produit\/touama\/#primaryimage","url":"https:\/\/tashkarugs.com\/wp-content\/uploads\/2024\/04\/tashkarugs-Agence-de-voyage-Marrakech-Tashkarugs-2-produits-weshore.webp","contentUrl":"https:\/\/tashkarugs.com\/wp-content\/uploads\/2024\/04\/tashkarugs-Agence-de-voyage-Marrakech-Tashkarugs-2-produits-weshore.webp","width":700,"height":700},{"@type":"BreadcrumbList","@id":"https:\/\/tashkarugs.com\/produit\/touama\/#breadcrumb","itemListElement":[{"@type":"ListItem","position":1,"name":"Home","item":"https:\/\/tashkarugs.com\/en\/"},{"@type":"ListItem","position":2,"name":"TASHKARUGS SHOP","item":"https:\/\/tashkarugs.com\/en\/tashkarugs-shop-2\/"},{"@type":"ListItem","position":3,"name":"Touama"}]},{"@type":"WebSite","@id":"https:\/\/tashkarugs.com\/#website","url":"https:\/\/tashkarugs.com\/","name":"TASHKARUGS","description":"","publisher":{"@id":"https:\/\/tashkarugs.com\/#organization"},"potentialAction":[{"@type":"SearchAction","target":{"@type":"EntryPoint","urlTemplate":"https:\/\/tashkarugs.com\/?s={search_term_string}"},"query-input":{"@type":"PropertyValueSpecification","valueRequired":true,"valueName":"search_term_string"}}],"inLanguage":"en-US"},{"@type":"Organization","@id":"https:\/\/tashkarugs.com\/#organization","name":"TASHKARUGS","url":"https:\/\/tashkarugs.com\/","logo":{"@type":"ImageObject","inLanguage":"en-US","@id":"https:\/\/tashkarugs.com\/#\/schema\/logo\/image\/","url":"https:\/\/tashkarugs.com\/wp-content\/uploads\/2024\/05\/tashkarugs-Agence-de-voyage-Marrakech-Tashkarugs-Logo002.webp","contentUrl":"https:\/\/tashkarugs.com\/wp-content\/uploads\/2024\/05\/tashkarugs-Agence-de-voyage-Marrakech-Tashkarugs-Logo002.webp","width":150,"height":84,"caption":"TASHKARUGS"},"image":{"@id":"https:\/\/tashkarugs.com\/#\/schema\/logo\/image\/"}}]}},"_links":{"self":[{"href":"https:\/\/tashkarugs.com\/en\/wp-json\/wp\/v2\/product\/3470","targetHints":{"allow":["GET"]}}],"collection":[{"href":"https:\/\/tashkarugs.com\/en\/wp-json\/wp\/v2\/product"}],"about":[{"href":"https:\/\/tashkarugs.com\/en\/wp-json\/wp\/v2\/types\/product"}],"replies":[{"embeddable":true,"href":"https:\/\/tashkarugs.com\/en\/wp-json\/wp\/v2\/comments?post=3470"}],"wp:featuredmedia":[{"embeddable":true,"href":"https:\/\/tashkarugs.com\/en\/wp-json\/wp\/v2\/media\/3406"}],"wp:attachment":[{"href":"https:\/\/tashkarugs.com\/en\/wp-json\/wp\/v2\/media?parent=3470"}],"wp:term":[{"taxonomy":"product_brand","embeddable":true,"href":"https:\/\/tashkarugs.com\/en\/wp-json\/wp\/v2\/product_brand?post=3470"},{"taxonomy":"product_cat","embeddable":true,"href":"https:\/\/tashkarugs.com\/en\/wp-json\/wp\/v2\/product_cat?post=3470"},{"taxonomy":"product_tag","embeddable":true,"href":"https:\/\/tashkarugs.com\/en\/wp-json\/wp\/v2\/product_tag?post=3470"}],"curies":[{"name":"wp","href":"https:\/\/api.w.org\/{rel}","templated":true}]}}