{"id":3468,"date":"2024-04-23T15:33:04","date_gmt":"2024-04-23T13:33:04","guid":{"rendered":"https:\/\/tashka-rugs.com\/produit\/ashdoui-1\/"},"modified":"2024-07-23T15:47:21","modified_gmt":"2024-07-23T13:47:21","slug":"ashdoui-1","status":"publish","type":"product","link":"https:\/\/tashkarugs.com\/en\/produit\/ashdoui-1\/","title":{"rendered":"Ashdoui 1"},"content":{"rendered":"<p>The Ashdoui technique is an ancestral weaving method used by the nomads of the Sahara and the pre-Saharan massif of Siroua in the Anti-Atlas. This method makes the mat extremely robust, capable of withstanding the rigors of nomadic travel and providing excellent thermal insulation during the winter. This is the same technique used to make bournous and djellabas, ensuring warmth and durability. Made of pure wool, this rug is the work of nomadic women. I had the privilege of meeting these Siroua artisans through my work as a mountain guide. From this meeting was born the idea of creating these magnificent rugs, merging tradition and innovation.      <\/p>\n<ul>\n<li><strong>Dimensions: 2.50 m x 3 m<\/strong><\/li>\n<li><strong>Care instructions: Wash at 30\u00b0C<\/strong><\/li>\n<\/ul>\n<p> Each rug is a unique piece, tailor-made according to your color and size preferences, demonstrating exceptional know-how and a rich artisanal tradition.<\/p>\n","protected":false},"excerpt":{"rendered":"<p><strong>Ashdoui is a weaving technique used by the nomads of the Sahara and the Siroua pre-Saharan massif in the Anti Atlas.<\/strong><\/p>\n<ul>\n<li>This technique makes the carpet stronger and more resistant to the nomads&#8217; travels. It&#8217;s a sturdy carpet that keeps warm in winter too, and it&#8217;s the same technique they use for bournous and djellabas.<\/li>\n<li>Made of pure wool and always the work of nomadic women.<\/li>\n<li>I have the privilege of meeting the women of Siroua through my work as a mountain guide.<\/li>\n<li>We were able to come up with this idea, which enabled us to make these beautiful carpets.<\/li>\n<li>2m50\/3m and washing at 30\u00b0<\/li>\n<\/ul>\n<p><strong>Ships via FedEx.<\/strong><\/p>\n","protected":false},"featured_media":3397,"comment_status":"open","ping_status":"closed","template":"","meta":{"inline_featured_image":false},"product_brand":[],"product_cat":[97],"product_tag":[],"class_list":{"0":"post-3468","1":"product","2":"type-product","3":"status-publish","4":"has-post-thumbnail","6":"product_cat-tapis-ashdoui-en","8":"first","9":"instock","10":"shipping-taxable","11":"purchasable","12":"product-type-simple"},"yoast_head":"<!-- This site is optimized with the Yoast SEO plugin v26.2 - https:\/\/yoast.com\/wordpress\/plugins\/seo\/ -->\n<title>Ashdoui 1 - TASHKARUGS<\/title>\n<meta name=\"description\" content=\"Ashdoui 1 : TAWADA TREKKING est une agence de voyage Marrakech sp\u00e9cialis\u00e9e dans le trekking, l&#039;artisanat et le g\u00eete. Profitez de nos prestations exceptionnelles pour d\u00e9couvrir le Maroc autrement.\" \/>\n<meta name=\"robots\" content=\"index, follow, max-snippet:-1, max-image-preview:large, max-video-preview:-1\" \/>\n<link rel=\"canonical\" href=\"https:\/\/tashkarugs.com\/produit\/ashdoui-1\/\" \/>\n<meta property=\"og:locale\" content=\"en_US\" \/>\n<meta property=\"og:type\" content=\"article\" \/>\n<meta property=\"og:title\" content=\"Ashdoui 1 - TASHKARUGS\" \/>\n<meta property=\"og:description\" content=\"Ashdoui 1 : TAWADA TREKKING est une agence de voyage Marrakech sp\u00e9cialis\u00e9e dans le trekking, l&#039;artisanat et le g\u00eete. Profitez de nos prestations exceptionnelles pour d\u00e9couvrir le Maroc autrement.\" \/>\n<meta property=\"og:url\" content=\"https:\/\/tashkarugs.com\/produit\/ashdoui-1\/\" \/>\n<meta property=\"og:site_name\" content=\"TASHKARUGS\" \/>\n<meta property=\"article:modified_time\" content=\"2024-07-23T13:47:21+00:00\" \/>\n<meta property=\"og:image\" content=\"https:\/\/tashkarugs.com\/wp-content\/uploads\/2024\/04\/tashkarugs-Agence-de-voyage-Marrakech-Tashkarugs-12-produits-weshore.webp\" \/>\n\t<meta property=\"og:image:width\" content=\"2560\" \/>\n\t<meta property=\"og:image:height\" content=\"2560\" \/>\n\t<meta property=\"og:image:type\" content=\"image\/webp\" \/>\n<meta name=\"twitter:card\" content=\"summary_large_image\" \/>\n<meta name=\"twitter:label1\" content=\"Est. reading time\" \/>\n\t<meta name=\"twitter:data1\" content=\"1 minute\" \/>\n<script type=\"application\/ld+json\" class=\"yoast-schema-graph\">{\"@context\":\"https:\/\/schema.org\",\"@graph\":[{\"@type\":\"WebPage\",\"@id\":\"https:\/\/tashkarugs.com\/produit\/ashdoui-1\/\",\"url\":\"https:\/\/tashkarugs.com\/produit\/ashdoui-1\/\",\"name\":\"Ashdoui 1 - TASHKARUGS\",\"isPartOf\":{\"@id\":\"https:\/\/tashkarugs.com\/#website\"},\"primaryImageOfPage\":{\"@id\":\"https:\/\/tashkarugs.com\/produit\/ashdoui-1\/#primaryimage\"},\"image\":{\"@id\":\"https:\/\/tashkarugs.com\/produit\/ashdoui-1\/#primaryimage\"},\"thumbnailUrl\":\"https:\/\/tashkarugs.com\/wp-content\/uploads\/2024\/04\/tashkarugs-Agence-de-voyage-Marrakech-Tashkarugs-12-produits-weshore.webp\",\"datePublished\":\"2024-04-23T13:33:04+00:00\",\"dateModified\":\"2024-07-23T13:47:21+00:00\",\"description\":\"Ashdoui 1 : TAWADA TREKKING est une agence de voyage Marrakech sp\u00e9cialis\u00e9e dans le trekking, l'artisanat et le g\u00eete. Profitez de nos prestations exceptionnelles pour d\u00e9couvrir le Maroc autrement.\",\"breadcrumb\":{\"@id\":\"https:\/\/tashkarugs.com\/produit\/ashdoui-1\/#breadcrumb\"},\"inLanguage\":\"en-US\",\"potentialAction\":[{\"@type\":\"ReadAction\",\"target\":[\"https:\/\/tashkarugs.com\/produit\/ashdoui-1\/\"]}]},{\"@type\":\"ImageObject\",\"inLanguage\":\"en-US\",\"@id\":\"https:\/\/tashkarugs.com\/produit\/ashdoui-1\/#primaryimage\",\"url\":\"https:\/\/tashkarugs.com\/wp-content\/uploads\/2024\/04\/tashkarugs-Agence-de-voyage-Marrakech-Tashkarugs-12-produits-weshore.webp\",\"contentUrl\":\"https:\/\/tashkarugs.com\/wp-content\/uploads\/2024\/04\/tashkarugs-Agence-de-voyage-Marrakech-Tashkarugs-12-produits-weshore.webp\",\"width\":2560,\"height\":2560},{\"@type\":\"BreadcrumbList\",\"@id\":\"https:\/\/tashkarugs.com\/produit\/ashdoui-1\/#breadcrumb\",\"itemListElement\":[{\"@type\":\"ListItem\",\"position\":1,\"name\":\"Home\",\"item\":\"https:\/\/tashkarugs.com\/en\/\"},{\"@type\":\"ListItem\",\"position\":2,\"name\":\"TASHKARUGS SHOP\",\"item\":\"https:\/\/tashkarugs.com\/en\/tashkarugs-shop-2\/\"},{\"@type\":\"ListItem\",\"position\":3,\"name\":\"Ashdoui 1\"}]},{\"@type\":\"WebSite\",\"@id\":\"https:\/\/tashkarugs.com\/#website\",\"url\":\"https:\/\/tashkarugs.com\/\",\"name\":\"TASHKARUGS\",\"description\":\"\",\"publisher\":{\"@id\":\"https:\/\/tashkarugs.com\/#organization\"},\"potentialAction\":[{\"@type\":\"SearchAction\",\"target\":{\"@type\":\"EntryPoint\",\"urlTemplate\":\"https:\/\/tashkarugs.com\/?s={search_term_string}\"},\"query-input\":{\"@type\":\"PropertyValueSpecification\",\"valueRequired\":true,\"valueName\":\"search_term_string\"}}],\"inLanguage\":\"en-US\"},{\"@type\":\"Organization\",\"@id\":\"https:\/\/tashkarugs.com\/#organization\",\"name\":\"TASHKARUGS\",\"url\":\"https:\/\/tashkarugs.com\/\",\"logo\":{\"@type\":\"ImageObject\",\"inLanguage\":\"en-US\",\"@id\":\"https:\/\/tashkarugs.com\/#\/schema\/logo\/image\/\",\"url\":\"https:\/\/tashkarugs.com\/wp-content\/uploads\/2024\/05\/tashkarugs-Agence-de-voyage-Marrakech-Tashkarugs-Logo002.webp\",\"contentUrl\":\"https:\/\/tashkarugs.com\/wp-content\/uploads\/2024\/05\/tashkarugs-Agence-de-voyage-Marrakech-Tashkarugs-Logo002.webp\",\"width\":150,\"height\":84,\"caption\":\"TASHKARUGS\"},\"image\":{\"@id\":\"https:\/\/tashkarugs.com\/#\/schema\/logo\/image\/\"}}]}<\/script>\n<!-- \/ Yoast SEO plugin. -->","yoast_head_json":{"title":"Ashdoui 1 - TASHKARUGS","description":"Ashdoui 1 : TAWADA TREKKING est une agence de voyage Marrakech sp\u00e9cialis\u00e9e dans le trekking, l'artisanat et le g\u00eete. Profitez de nos prestations exceptionnelles pour d\u00e9couvrir le Maroc autrement.","robots":{"index":"index","follow":"follow","max-snippet":"max-snippet:-1","max-image-preview":"max-image-preview:large","max-video-preview":"max-video-preview:-1"},"canonical":"https:\/\/tashkarugs.com\/produit\/ashdoui-1\/","og_locale":"en_US","og_type":"article","og_title":"Ashdoui 1 - TASHKARUGS","og_description":"Ashdoui 1 : TAWADA TREKKING est une agence de voyage Marrakech sp\u00e9cialis\u00e9e dans le trekking, l'artisanat et le g\u00eete. Profitez de nos prestations exceptionnelles pour d\u00e9couvrir le Maroc autrement.","og_url":"https:\/\/tashkarugs.com\/produit\/ashdoui-1\/","og_site_name":"TASHKARUGS","article_modified_time":"2024-07-23T13:47:21+00:00","og_image":[{"width":2560,"height":2560,"url":"https:\/\/tashkarugs.com\/wp-content\/uploads\/2024\/04\/tashkarugs-Agence-de-voyage-Marrakech-Tashkarugs-12-produits-weshore.webp","type":"image\/webp"}],"twitter_card":"summary_large_image","twitter_misc":{"Est. reading time":"1 minute"},"schema":{"@context":"https:\/\/schema.org","@graph":[{"@type":"WebPage","@id":"https:\/\/tashkarugs.com\/produit\/ashdoui-1\/","url":"https:\/\/tashkarugs.com\/produit\/ashdoui-1\/","name":"Ashdoui 1 - TASHKARUGS","isPartOf":{"@id":"https:\/\/tashkarugs.com\/#website"},"primaryImageOfPage":{"@id":"https:\/\/tashkarugs.com\/produit\/ashdoui-1\/#primaryimage"},"image":{"@id":"https:\/\/tashkarugs.com\/produit\/ashdoui-1\/#primaryimage"},"thumbnailUrl":"https:\/\/tashkarugs.com\/wp-content\/uploads\/2024\/04\/tashkarugs-Agence-de-voyage-Marrakech-Tashkarugs-12-produits-weshore.webp","datePublished":"2024-04-23T13:33:04+00:00","dateModified":"2024-07-23T13:47:21+00:00","description":"Ashdoui 1 : TAWADA TREKKING est une agence de voyage Marrakech sp\u00e9cialis\u00e9e dans le trekking, l'artisanat et le g\u00eete. Profitez de nos prestations exceptionnelles pour d\u00e9couvrir le Maroc autrement.","breadcrumb":{"@id":"https:\/\/tashkarugs.com\/produit\/ashdoui-1\/#breadcrumb"},"inLanguage":"en-US","potentialAction":[{"@type":"ReadAction","target":["https:\/\/tashkarugs.com\/produit\/ashdoui-1\/"]}]},{"@type":"ImageObject","inLanguage":"en-US","@id":"https:\/\/tashkarugs.com\/produit\/ashdoui-1\/#primaryimage","url":"https:\/\/tashkarugs.com\/wp-content\/uploads\/2024\/04\/tashkarugs-Agence-de-voyage-Marrakech-Tashkarugs-12-produits-weshore.webp","contentUrl":"https:\/\/tashkarugs.com\/wp-content\/uploads\/2024\/04\/tashkarugs-Agence-de-voyage-Marrakech-Tashkarugs-12-produits-weshore.webp","width":2560,"height":2560},{"@type":"BreadcrumbList","@id":"https:\/\/tashkarugs.com\/produit\/ashdoui-1\/#breadcrumb","itemListElement":[{"@type":"ListItem","position":1,"name":"Home","item":"https:\/\/tashkarugs.com\/en\/"},{"@type":"ListItem","position":2,"name":"TASHKARUGS SHOP","item":"https:\/\/tashkarugs.com\/en\/tashkarugs-shop-2\/"},{"@type":"ListItem","position":3,"name":"Ashdoui 1"}]},{"@type":"WebSite","@id":"https:\/\/tashkarugs.com\/#website","url":"https:\/\/tashkarugs.com\/","name":"TASHKARUGS","description":"","publisher":{"@id":"https:\/\/tashkarugs.com\/#organization"},"potentialAction":[{"@type":"SearchAction","target":{"@type":"EntryPoint","urlTemplate":"https:\/\/tashkarugs.com\/?s={search_term_string}"},"query-input":{"@type":"PropertyValueSpecification","valueRequired":true,"valueName":"search_term_string"}}],"inLanguage":"en-US"},{"@type":"Organization","@id":"https:\/\/tashkarugs.com\/#organization","name":"TASHKARUGS","url":"https:\/\/tashkarugs.com\/","logo":{"@type":"ImageObject","inLanguage":"en-US","@id":"https:\/\/tashkarugs.com\/#\/schema\/logo\/image\/","url":"https:\/\/tashkarugs.com\/wp-content\/uploads\/2024\/05\/tashkarugs-Agence-de-voyage-Marrakech-Tashkarugs-Logo002.webp","contentUrl":"https:\/\/tashkarugs.com\/wp-content\/uploads\/2024\/05\/tashkarugs-Agence-de-voyage-Marrakech-Tashkarugs-Logo002.webp","width":150,"height":84,"caption":"TASHKARUGS"},"image":{"@id":"https:\/\/tashkarugs.com\/#\/schema\/logo\/image\/"}}]}},"_links":{"self":[{"href":"https:\/\/tashkarugs.com\/en\/wp-json\/wp\/v2\/product\/3468","targetHints":{"allow":["GET"]}}],"collection":[{"href":"https:\/\/tashkarugs.com\/en\/wp-json\/wp\/v2\/product"}],"about":[{"href":"https:\/\/tashkarugs.com\/en\/wp-json\/wp\/v2\/types\/product"}],"replies":[{"embeddable":true,"href":"https:\/\/tashkarugs.com\/en\/wp-json\/wp\/v2\/comments?post=3468"}],"wp:featuredmedia":[{"embeddable":true,"href":"https:\/\/tashkarugs.com\/en\/wp-json\/wp\/v2\/media\/3397"}],"wp:attachment":[{"href":"https:\/\/tashkarugs.com\/en\/wp-json\/wp\/v2\/media?parent=3468"}],"wp:term":[{"taxonomy":"product_brand","embeddable":true,"href":"https:\/\/tashkarugs.com\/en\/wp-json\/wp\/v2\/product_brand?post=3468"},{"taxonomy":"product_cat","embeddable":true,"href":"https:\/\/tashkarugs.com\/en\/wp-json\/wp\/v2\/product_cat?post=3468"},{"taxonomy":"product_tag","embeddable":true,"href":"https:\/\/tashkarugs.com\/en\/wp-json\/wp\/v2\/product_tag?post=3468"}],"curies":[{"name":"wp","href":"https:\/\/api.w.org\/{rel}","templated":true}]}}