{"id":3510,"date":"2021-12-10T12:16:31","date_gmt":"2021-12-10T11:16:31","guid":{"rendered":"https:\/\/tashka-rugs.com\/privacy-policy\/"},"modified":"2024-07-23T14:18:58","modified_gmt":"2024-07-23T12:18:58","slug":"privacy-policy","status":"publish","type":"page","link":"https:\/\/tashkarugs.com\/en\/privacy-policy\/","title":{"rendered":"Privacy policy"},"content":{"rendered":"<div class=\"fusion-fullwidth fullwidth-box fusion-builder-row-1 fusion-flex-container contm_pad page_title nonhundred-percent-fullwidth non-hundred-percent-height-scrolling\" style=\"--awb-border-radius-top-left:0px;--awb-border-radius-top-right:0px;--awb-border-radius-bottom-right:0px;--awb-border-radius-bottom-left:0px;--awb-flex-wrap:wrap;\" ><div class=\"fusion-builder-row fusion-row fusion-flex-align-items-flex-start fusion-flex-content-wrap\" style=\"max-width:calc( 1450px + 30px );margin-left: calc(-30px \/ 2 );margin-right: calc(-30px \/ 2 );\"><div class=\"fusion-layout-column fusion_builder_column fusion-builder-column-0 fusion_builder_column_1_1 1_1 fusion-flex-column\" style=\"--awb-bg-size:cover;--awb-width-large:100%;--awb-margin-top-large:0px;--awb-spacing-right-large:15px;--awb-margin-bottom-large:0px;--awb-spacing-left-large:15px;--awb-width-medium:100%;--awb-order-medium:0;--awb-spacing-right-medium:15px;--awb-spacing-left-medium:15px;--awb-width-small:100%;--awb-order-small:0;--awb-spacing-right-small:15px;--awb-spacing-left-small:15px;\"><div class=\"fusion-column-wrapper fusion-column-has-shadow fusion-flex-justify-content-flex-start fusion-content-layout-column\"><div class=\"fusion-text fusion-text-1\" style=\"--awb-text-transform:none;\"><h2 class=\"pg-mp-titre-bg\">Who we are<\/h2>\n<p><strong>Our website address is :<\/strong> <a href=\"https:\/\/tashkarugs.com\/en\/\">https:\/\/tashkarugs.com\/en\/<\/a><\/p>\n<p><strong>Owner :<\/strong> TASHKARUGS  &#8211;  Ennakhil 3 appt 7 rue errouda   gueliz marrakech 40000<\/p>\n<p><strong>Creator :<\/strong> <a href=\"https:\/\/weshore.com\" target=\"_blank\" rel=\"noopener noreferrer\">WESHORE sarl au<\/a><strong>Responsible for publication :<\/strong> TASHKARUGS  &#8211;  <a href='tel:+212 6 18 24 44 31' class='dib link_phone1'>+212 6 18 24 44 31<\/a>  The person responsible for publication is an individual or a legal entity.  <strong>Webmaster :<\/strong>  WESHORE sarl on: +212 5 24 43 41 47  <strong>Hosted by :<\/strong>  Namecheap  &nbsp;<\/p>\n<h2 class=\"pg-mp-titre-bg\">Use of personal data collected<\/h2>\n<h3>Comments<\/h3>\n<p>  When you leave a comment on our website, not only the data entered in the comment form, but also your IP address and your browser&#8217;s user agent are collected to help us detect unwanted comments.<br \/>\nAn anonymized string created from your e-mail address (also known as a hash) may be sent to the Gravatar service to check whether you use it.<br \/>\nGravatar&#8217;s privacy policy is available here: https:\/\/automattic.com\/privacy\/. Once your comment has been validated, your profile photo will be publicly visible next to your comment.    <\/p>\n<h3>Media<\/h3>\n<p>  If you are a registered user uploading images to the website, we advise you to avoid uploading images containing EXIF data of GPS coordinates.<br \/>\nVisitors to your website may download and extract location data from these images.   <\/p>\n<h2 class=\"pg-mp-titre-bg\">Contact forms<\/h2>\n<h3>Cookies<\/h3>\n<p>  If you leave a comment on our site, you will be asked to save your name, e-mail address and website in cookies.<br \/>\nThis is only for your convenience, so that you don&#8217;t have to enter this information if you leave another comment later.<br \/>\nThese cookies expire after one year.<br \/>\nIf you have an account and log on to this site, a temporary cookie will be created to determine whether your browser accepts cookies.<br \/>\nIt contains no personal data and will be deleted automatically when you close your browser.<br \/>\nWhen you log in, we will set a number of cookies to record your login information and screen preferences.<br \/>\nThe lifetime of a login cookie is two days, that of a screen option cookie is one year.<br \/>\nIf you check &#8220;Remember me&#8221;, your login cookie will be kept for two weeks.<br \/>\nIf you log out of your account, the login cookie will be deleted.<br \/>\nWhen editing or publishing an article, an additional cookie will be stored in your browser.<br \/>\nThis cookie contains no personal data.<br \/>\nIt simply indicates the identifier of the article you have just modified.<br \/>\nIt expires after one day.              <\/p>\n<h3>Embedded content from other sites<\/h3>\n<p>  Articles on this site may include embedded content (e.g. videos, images, articles, etc.).<br \/>\nEmbedded content from other sites behaves in the same way as if the visitor were visiting that other site.<br \/>\nThese websites may collect data about you, use cookies, embed third-party tracking tools, track your interactions with such embedded content if you have a logged-in account on their website.    <\/p>\n<h2 class=\"pg-mp-titre-bg\">Statistics and audience measurement<\/h2>\n<h2 class=\"pg-mp-titre-bg\">Use and transmission of your personal data<\/h2>\n<h3>Data storage periods<\/h3>\n<p>  If you leave a comment, the comment and its metadata are retained indefinitely.<br \/>\nThis makes it possible to automatically recognize and approve subsequent comments instead of leaving them in the moderation queue.<br \/>\nFor users who register on our site (where possible), we also store the personal data indicated in their profile.<br \/>\nAll users can view, modify or delete their personal information at any time (with the exception of their username).<br \/>\nSite managers can also view and modify this information.      <\/p>\n<h3>The rights you have over your data<\/h3>\n<p>  If you have an account or if you have left comments on the site, you may request to receive a file containing all the personal data we hold about you, including that which you have provided to us.<br \/>\nYou can also request the deletion of your personal data.<br \/>\nThis does not include data stored for administrative, legal or security purposes.    <\/p>\n<h3>Transmission of your personal data<\/h3>\n<p>  Visitor comments can be checked using an automated spam detection service.  <\/p>\n<h3>Contact information<\/h3>\n<p class=\"wpcf7-contact-form-not-found\"><strong>Error:<\/strong> Contact form not found.<\/p>\n<\/div><\/div><\/div><\/div><\/div>\n","protected":false},"excerpt":{"rendered":"","protected":false},"author":1,"featured_media":0,"parent":0,"menu_order":0,"comment_status":"closed","ping_status":"closed","template":"100-width.php","meta":{"inline_featured_image":false,"footnotes":""},"class_list":["post-3510","page","type-page","status-publish","hentry"],"yoast_head":"<!-- This site is optimized with the Yoast SEO plugin v26.2 - https:\/\/yoast.com\/wordpress\/plugins\/seo\/ -->\n<title>Privacy policy - TASHKARUGS<\/title>\n<meta name=\"description\" content=\"Privacy policy : TAWADA TREKKING est une agence de voyage Marrakech sp\u00e9cialis\u00e9e dans le trekking, l&#039;artisanat et le g\u00eete. Profitez de nos prestations exceptionnelles pour d\u00e9couvrir le Maroc autrement.\" \/>\n<meta name=\"robots\" content=\"index, follow, max-snippet:-1, max-image-preview:large, max-video-preview:-1\" \/>\n<link rel=\"canonical\" href=\"https:\/\/tashkarugs.com\/politique-de-confidentialite\/\" \/>\n<meta property=\"og:locale\" content=\"en_US\" \/>\n<meta property=\"og:type\" content=\"article\" \/>\n<meta property=\"og:title\" content=\"Privacy policy - TASHKARUGS\" \/>\n<meta property=\"og:description\" content=\"Privacy policy : TAWADA TREKKING est une agence de voyage Marrakech sp\u00e9cialis\u00e9e dans le trekking, l&#039;artisanat et le g\u00eete. Profitez de nos prestations exceptionnelles pour d\u00e9couvrir le Maroc autrement.\" \/>\n<meta property=\"og:url\" content=\"https:\/\/tashkarugs.com\/politique-de-confidentialite\/\" \/>\n<meta property=\"og:site_name\" content=\"TASHKARUGS\" \/>\n<meta property=\"article:modified_time\" content=\"2024-07-23T12:18:58+00:00\" \/>\n<meta name=\"twitter:card\" content=\"summary_large_image\" \/>\n<meta name=\"twitter:label1\" content=\"Est. reading time\" \/>\n\t<meta name=\"twitter:data1\" content=\"5 minutes\" \/>\n<script type=\"application\/ld+json\" class=\"yoast-schema-graph\">{\"@context\":\"https:\/\/schema.org\",\"@graph\":[{\"@type\":\"WebPage\",\"@id\":\"https:\/\/tashkarugs.com\/politique-de-confidentialite\/\",\"url\":\"https:\/\/tashkarugs.com\/politique-de-confidentialite\/\",\"name\":\"Privacy policy - TASHKARUGS\",\"isPartOf\":{\"@id\":\"https:\/\/tashkarugs.com\/#website\"},\"datePublished\":\"2021-12-10T11:16:31+00:00\",\"dateModified\":\"2024-07-23T12:18:58+00:00\",\"description\":\"Privacy policy : TAWADA TREKKING est une agence de voyage Marrakech sp\u00e9cialis\u00e9e dans le trekking, l'artisanat et le g\u00eete. Profitez de nos prestations exceptionnelles pour d\u00e9couvrir le Maroc autrement.\",\"breadcrumb\":{\"@id\":\"https:\/\/tashkarugs.com\/politique-de-confidentialite\/#breadcrumb\"},\"inLanguage\":\"en-US\",\"potentialAction\":[{\"@type\":\"ReadAction\",\"target\":[\"https:\/\/tashkarugs.com\/politique-de-confidentialite\/\"]}]},{\"@type\":\"BreadcrumbList\",\"@id\":\"https:\/\/tashkarugs.com\/politique-de-confidentialite\/#breadcrumb\",\"itemListElement\":[{\"@type\":\"ListItem\",\"position\":1,\"name\":\"Home\",\"item\":\"https:\/\/tashkarugs.com\/en\/\"},{\"@type\":\"ListItem\",\"position\":2,\"name\":\"Privacy policy\"}]},{\"@type\":\"WebSite\",\"@id\":\"https:\/\/tashkarugs.com\/#website\",\"url\":\"https:\/\/tashkarugs.com\/\",\"name\":\"TASHKARUGS\",\"description\":\"\",\"publisher\":{\"@id\":\"https:\/\/tashkarugs.com\/#organization\"},\"potentialAction\":[{\"@type\":\"SearchAction\",\"target\":{\"@type\":\"EntryPoint\",\"urlTemplate\":\"https:\/\/tashkarugs.com\/?s={search_term_string}\"},\"query-input\":{\"@type\":\"PropertyValueSpecification\",\"valueRequired\":true,\"valueName\":\"search_term_string\"}}],\"inLanguage\":\"en-US\"},{\"@type\":\"Organization\",\"@id\":\"https:\/\/tashkarugs.com\/#organization\",\"name\":\"TASHKARUGS\",\"url\":\"https:\/\/tashkarugs.com\/\",\"logo\":{\"@type\":\"ImageObject\",\"inLanguage\":\"en-US\",\"@id\":\"https:\/\/tashkarugs.com\/#\/schema\/logo\/image\/\",\"url\":\"https:\/\/tashkarugs.com\/wp-content\/uploads\/2024\/05\/tashkarugs-Agence-de-voyage-Marrakech-Tashkarugs-Logo002.webp\",\"contentUrl\":\"https:\/\/tashkarugs.com\/wp-content\/uploads\/2024\/05\/tashkarugs-Agence-de-voyage-Marrakech-Tashkarugs-Logo002.webp\",\"width\":150,\"height\":84,\"caption\":\"TASHKARUGS\"},\"image\":{\"@id\":\"https:\/\/tashkarugs.com\/#\/schema\/logo\/image\/\"}}]}<\/script>\n<!-- \/ Yoast SEO plugin. -->","yoast_head_json":{"title":"Privacy policy - TASHKARUGS","description":"Privacy policy : TAWADA TREKKING est une agence de voyage Marrakech sp\u00e9cialis\u00e9e dans le trekking, l'artisanat et le g\u00eete. Profitez de nos prestations exceptionnelles pour d\u00e9couvrir le Maroc autrement.","robots":{"index":"index","follow":"follow","max-snippet":"max-snippet:-1","max-image-preview":"max-image-preview:large","max-video-preview":"max-video-preview:-1"},"canonical":"https:\/\/tashkarugs.com\/politique-de-confidentialite\/","og_locale":"en_US","og_type":"article","og_title":"Privacy policy - TASHKARUGS","og_description":"Privacy policy : TAWADA TREKKING est une agence de voyage Marrakech sp\u00e9cialis\u00e9e dans le trekking, l'artisanat et le g\u00eete. Profitez de nos prestations exceptionnelles pour d\u00e9couvrir le Maroc autrement.","og_url":"https:\/\/tashkarugs.com\/politique-de-confidentialite\/","og_site_name":"TASHKARUGS","article_modified_time":"2024-07-23T12:18:58+00:00","twitter_card":"summary_large_image","twitter_misc":{"Est. reading time":"5 minutes"},"schema":{"@context":"https:\/\/schema.org","@graph":[{"@type":"WebPage","@id":"https:\/\/tashkarugs.com\/politique-de-confidentialite\/","url":"https:\/\/tashkarugs.com\/politique-de-confidentialite\/","name":"Privacy policy - TASHKARUGS","isPartOf":{"@id":"https:\/\/tashkarugs.com\/#website"},"datePublished":"2021-12-10T11:16:31+00:00","dateModified":"2024-07-23T12:18:58+00:00","description":"Privacy policy : TAWADA TREKKING est une agence de voyage Marrakech sp\u00e9cialis\u00e9e dans le trekking, l'artisanat et le g\u00eete. Profitez de nos prestations exceptionnelles pour d\u00e9couvrir le Maroc autrement.","breadcrumb":{"@id":"https:\/\/tashkarugs.com\/politique-de-confidentialite\/#breadcrumb"},"inLanguage":"en-US","potentialAction":[{"@type":"ReadAction","target":["https:\/\/tashkarugs.com\/politique-de-confidentialite\/"]}]},{"@type":"BreadcrumbList","@id":"https:\/\/tashkarugs.com\/politique-de-confidentialite\/#breadcrumb","itemListElement":[{"@type":"ListItem","position":1,"name":"Home","item":"https:\/\/tashkarugs.com\/en\/"},{"@type":"ListItem","position":2,"name":"Privacy policy"}]},{"@type":"WebSite","@id":"https:\/\/tashkarugs.com\/#website","url":"https:\/\/tashkarugs.com\/","name":"TASHKARUGS","description":"","publisher":{"@id":"https:\/\/tashkarugs.com\/#organization"},"potentialAction":[{"@type":"SearchAction","target":{"@type":"EntryPoint","urlTemplate":"https:\/\/tashkarugs.com\/?s={search_term_string}"},"query-input":{"@type":"PropertyValueSpecification","valueRequired":true,"valueName":"search_term_string"}}],"inLanguage":"en-US"},{"@type":"Organization","@id":"https:\/\/tashkarugs.com\/#organization","name":"TASHKARUGS","url":"https:\/\/tashkarugs.com\/","logo":{"@type":"ImageObject","inLanguage":"en-US","@id":"https:\/\/tashkarugs.com\/#\/schema\/logo\/image\/","url":"https:\/\/tashkarugs.com\/wp-content\/uploads\/2024\/05\/tashkarugs-Agence-de-voyage-Marrakech-Tashkarugs-Logo002.webp","contentUrl":"https:\/\/tashkarugs.com\/wp-content\/uploads\/2024\/05\/tashkarugs-Agence-de-voyage-Marrakech-Tashkarugs-Logo002.webp","width":150,"height":84,"caption":"TASHKARUGS"},"image":{"@id":"https:\/\/tashkarugs.com\/#\/schema\/logo\/image\/"}}]}},"_links":{"self":[{"href":"https:\/\/tashkarugs.com\/en\/wp-json\/wp\/v2\/pages\/3510","targetHints":{"allow":["GET"]}}],"collection":[{"href":"https:\/\/tashkarugs.com\/en\/wp-json\/wp\/v2\/pages"}],"about":[{"href":"https:\/\/tashkarugs.com\/en\/wp-json\/wp\/v2\/types\/page"}],"author":[{"embeddable":true,"href":"https:\/\/tashkarugs.com\/en\/wp-json\/wp\/v2\/users\/1"}],"replies":[{"embeddable":true,"href":"https:\/\/tashkarugs.com\/en\/wp-json\/wp\/v2\/comments?post=3510"}],"version-history":[{"count":2,"href":"https:\/\/tashkarugs.com\/en\/wp-json\/wp\/v2\/pages\/3510\/revisions"}],"predecessor-version":[{"id":3512,"href":"https:\/\/tashkarugs.com\/en\/wp-json\/wp\/v2\/pages\/3510\/revisions\/3512"}],"wp:attachment":[{"href":"https:\/\/tashkarugs.com\/en\/wp-json\/wp\/v2\/media?parent=3510"}],"curies":[{"name":"wp","href":"https:\/\/api.w.org\/{rel}","templated":true}]}}