{"id":3498,"date":"2021-12-10T12:16:17","date_gmt":"2021-12-10T11:16:17","guid":{"rendered":"https:\/\/tashka-rugs.com\/terms-of-use\/"},"modified":"2024-07-23T13:52:18","modified_gmt":"2024-07-23T11:52:18","slug":"terms-of-use","status":"publish","type":"page","link":"https:\/\/tashkarugs.com\/en\/terms-of-use\/","title":{"rendered":"Terms of use"},"content":{"rendered":"<div class=\"fusion-fullwidth fullwidth-box fusion-builder-row-1 fusion-flex-container contm_pad page_title nonhundred-percent-fullwidth non-hundred-percent-height-scrolling\" style=\"--awb-border-radius-top-left:0px;--awb-border-radius-top-right:0px;--awb-border-radius-bottom-right:0px;--awb-border-radius-bottom-left:0px;--awb-flex-wrap:wrap;\" ><div class=\"fusion-builder-row fusion-row fusion-flex-align-items-flex-start fusion-flex-content-wrap\" style=\"max-width:calc( 1450px + 30px );margin-left: calc(-30px \/ 2 );margin-right: calc(-30px \/ 2 );\"><div class=\"fusion-layout-column fusion_builder_column fusion-builder-column-0 fusion_builder_column_1_1 1_1 fusion-flex-column\" style=\"--awb-bg-size:cover;--awb-width-large:100%;--awb-margin-top-large:0px;--awb-spacing-right-large:15px;--awb-margin-bottom-large:0px;--awb-spacing-left-large:15px;--awb-width-medium:100%;--awb-order-medium:0;--awb-spacing-right-medium:15px;--awb-spacing-left-medium:15px;--awb-width-small:100%;--awb-order-small:0;--awb-spacing-right-small:15px;--awb-spacing-left-small:15px;\"><div class=\"fusion-column-wrapper fusion-column-has-shadow fusion-flex-justify-content-flex-start fusion-content-layout-column\"><div class=\"fusion-text fusion-text-1\" style=\"--awb-text-transform:none;\"><h2 class=\"pg-mp-titre-bg\"><strong>1. Site presentation.<\/strong><\/h2>\n<p><strong>Owner :<\/strong> TASHKARUGS  &#8211;  Ennakhil 3 appt 7 rue errouda   gueliz marrakech 40000<\/p>\n<p><strong>Creator :<\/strong> <a href=\"https:\/\/weshore.com\" target=\"_blank\" rel=\"noopener noreferrer\">WESHORE sarl<\/a><strong>Responsible for publication :<\/strong> TASHKARUGS  &#8211;  <a href='tel:+212 6 18 24 44 31' class='dib link_phone1'>+212 6 18 24 44 31<\/a>  The person responsible for publication is an individual or a legal entity.  <strong>Webmaster :<\/strong>  WESHORE sarl on: +212 5 24 43 41 47  <strong>Hosted by :<\/strong>  Namecheap  <\/p>\n<h2 class=\"pg-mp-titre-bg\"><strong>2. Site access<\/strong><\/h2>\n<p>  The present site is accessible 24 hours a day, 7 days a week, except in cases of force majeure, computer difficulties, maintenance, difficulties linked to the structure of communication networks or technical difficulties.  <\/p>\n<h2 class=\"pg-mp-titre-bg\"><strong>3. Terms and conditions of use<\/strong><\/h2>\n<p>  Navigation on this site is subject to the regulations in force and to the present conditions of access and use.<br \/>\nThe user therefore accepts the following rules:   <\/p>\n<h2 class=\"pg-mp-titre-bg\"><strong>4. Collecting data<\/strong><\/h2>\n<p>  We collect your personal data in order to provide and continually improve our products and services.<br \/>\nWe receive and store information you provide to us, information about your use of our website and information from third parties and publicly available sources.   <\/p>\n<h2 class=\"pg-mp-titre-bg\"><strong>5. Protection of personal data<\/strong><\/h2>\n<p>  In accordance with law no. 09-08 promulgated by Dahir 1-09-15 of February 18, 2009, on the protection of individuals with regard to the processing of personal data, you have the right to access and rectify information concerning you.<br \/>\nYou may also, for legitimate reasons, object to your personal data being processed.   <\/p>\n<h2 class=\"pg-mp-titre-bg\"><strong>6. Cookies and hypertext links<\/strong><\/h2>\n<p>TASHKARUGS  uses the &#8220;cookie&#8221; system.<br \/>\nYou can prevent the storage of cookies by deactivating this function in your browser preferences, but this may restrict your use of the site.   <a href=\"https:\/\/tashkarugs.com\/en\/\">https:\/\/tashkarugs.com\/en\/<\/a>  A cookie is an element that does not allow us to identify you, but generally to collect information when you visit our site.<br \/>\nThis allows us to know which parts of our site are of interest to you.<br \/>\nThese &#8220;cookies&#8221; will also save you from having to provide information each time that you have already communicated to us, insofar as they will remember that you communicated this information to us at an earlier date.    <\/p>\n<h2 class=\"pg-mp-titre-bg\"><strong>7. Limitation of liability<\/strong><\/h2>\n<p>TASHKARUGS  shall not be liable for any special or consequential damages resulting from the use of, or the inability to use, the materials on this site.  <a href=\"https:\/\/tashkarugs.com\/en\/\">https:\/\/tashkarugs.com\/en\/<\/a>. TASHKARUGS cannot be held responsible for direct damage (bug or incompatibility) caused to the user&#8217;s equipment and indirect damage (loss of market or loss of opportunity), when accessing the site.  <a href=\"https:\/\/tashkarugs.com\/en\/\">https:\/\/tashkarugs.com\/en\/<\/a>.<br \/>\nEn tant qu\u2019utilisateur de   <a href=\"https:\/\/tashkarugs.com\/en\/\">https:\/\/tashkarugs.com\/en\/<\/a>You agree not to place on the site any content expressing a political opinion, having a defamatory, racist or xenophobic connotation or inciting discrimination, hatred or violence.  <\/p>\n<h2 class=\"pg-mp-titre-bg\"><strong>8. Security and confidentiality measures<\/strong><\/h2>\n<p>  Measures are taken to ensure the confidentiality and security of your personal data, to prevent it from being destroyed, distorted, damaged or accessed by unauthorized third parties.  <\/p>\n<h2 class=\"pg-mp-titre-bg\"><strong>9. Intellectual property rights<\/strong><\/h2>\n<p>  Any use, reproduction, distribution, marketing or modification of all or part of the site (text, images, graphics, logos, icons, sounds, software) without the publisher&#8217;s authorization is prohibited and may result in legal action as provided for in the French Intellectual Property Code and the French Civil Code.<\/p>\n<\/div><\/div><\/div><\/div><\/div>\n","protected":false},"excerpt":{"rendered":"","protected":false},"author":1,"featured_media":0,"parent":0,"menu_order":0,"comment_status":"closed","ping_status":"closed","template":"100-width.php","meta":{"inline_featured_image":false,"footnotes":""},"class_list":["post-3498","page","type-page","status-publish","hentry"],"yoast_head":"<!-- This site is optimized with the Yoast SEO plugin v26.2 - https:\/\/yoast.com\/wordpress\/plugins\/seo\/ -->\n<title>Terms of use - TASHKARUGS<\/title>\n<meta name=\"description\" content=\"Terms of use : TAWADA TREKKING est une agence de voyage Marrakech sp\u00e9cialis\u00e9e dans le trekking, l&#039;artisanat et le g\u00eete. Profitez de nos prestations exceptionnelles pour d\u00e9couvrir le Maroc autrement.\" \/>\n<meta name=\"robots\" content=\"noindex, nofollow\" \/>\n<meta property=\"og:locale\" content=\"en_US\" \/>\n<meta property=\"og:type\" content=\"article\" \/>\n<meta property=\"og:title\" content=\"Terms of use - TASHKARUGS\" \/>\n<meta property=\"og:description\" content=\"Terms of use : TAWADA TREKKING est une agence de voyage Marrakech sp\u00e9cialis\u00e9e dans le trekking, l&#039;artisanat et le g\u00eete. Profitez de nos prestations exceptionnelles pour d\u00e9couvrir le Maroc autrement.\" \/>\n<meta property=\"og:url\" content=\"https:\/\/tashkarugs.com\/mentions-legales\/\" \/>\n<meta property=\"og:site_name\" content=\"TASHKARUGS\" \/>\n<meta property=\"article:modified_time\" content=\"2024-07-23T11:52:18+00:00\" \/>\n<meta name=\"twitter:card\" content=\"summary_large_image\" \/>\n<meta name=\"twitter:label1\" content=\"Est. reading time\" \/>\n\t<meta name=\"twitter:data1\" content=\"4 minutes\" \/>\n<script type=\"application\/ld+json\" class=\"yoast-schema-graph\">{\"@context\":\"https:\/\/schema.org\",\"@graph\":[{\"@type\":\"WebPage\",\"@id\":\"https:\/\/tashkarugs.com\/mentions-legales\/\",\"url\":\"https:\/\/tashkarugs.com\/mentions-legales\/\",\"name\":\"Terms of use - TASHKARUGS\",\"isPartOf\":{\"@id\":\"https:\/\/tashkarugs.com\/#website\"},\"datePublished\":\"2021-12-10T11:16:17+00:00\",\"dateModified\":\"2024-07-23T11:52:18+00:00\",\"description\":\"Terms of use : TAWADA TREKKING est une agence de voyage Marrakech sp\u00e9cialis\u00e9e dans le trekking, l'artisanat et le g\u00eete. Profitez de nos prestations exceptionnelles pour d\u00e9couvrir le Maroc autrement.\",\"breadcrumb\":{\"@id\":\"https:\/\/tashkarugs.com\/mentions-legales\/#breadcrumb\"},\"inLanguage\":\"en-US\",\"potentialAction\":[{\"@type\":\"ReadAction\",\"target\":[\"https:\/\/tashkarugs.com\/mentions-legales\/\"]}]},{\"@type\":\"BreadcrumbList\",\"@id\":\"https:\/\/tashkarugs.com\/mentions-legales\/#breadcrumb\",\"itemListElement\":[{\"@type\":\"ListItem\",\"position\":1,\"name\":\"Home\",\"item\":\"https:\/\/tashkarugs.com\/en\/\"},{\"@type\":\"ListItem\",\"position\":2,\"name\":\"Terms of use\"}]},{\"@type\":\"WebSite\",\"@id\":\"https:\/\/tashkarugs.com\/#website\",\"url\":\"https:\/\/tashkarugs.com\/\",\"name\":\"TASHKARUGS\",\"description\":\"\",\"publisher\":{\"@id\":\"https:\/\/tashkarugs.com\/#organization\"},\"potentialAction\":[{\"@type\":\"SearchAction\",\"target\":{\"@type\":\"EntryPoint\",\"urlTemplate\":\"https:\/\/tashkarugs.com\/?s={search_term_string}\"},\"query-input\":{\"@type\":\"PropertyValueSpecification\",\"valueRequired\":true,\"valueName\":\"search_term_string\"}}],\"inLanguage\":\"en-US\"},{\"@type\":\"Organization\",\"@id\":\"https:\/\/tashkarugs.com\/#organization\",\"name\":\"TASHKARUGS\",\"url\":\"https:\/\/tashkarugs.com\/\",\"logo\":{\"@type\":\"ImageObject\",\"inLanguage\":\"en-US\",\"@id\":\"https:\/\/tashkarugs.com\/#\/schema\/logo\/image\/\",\"url\":\"https:\/\/tashkarugs.com\/wp-content\/uploads\/2024\/05\/tashkarugs-Agence-de-voyage-Marrakech-Tashkarugs-Logo002.webp\",\"contentUrl\":\"https:\/\/tashkarugs.com\/wp-content\/uploads\/2024\/05\/tashkarugs-Agence-de-voyage-Marrakech-Tashkarugs-Logo002.webp\",\"width\":150,\"height\":84,\"caption\":\"TASHKARUGS\"},\"image\":{\"@id\":\"https:\/\/tashkarugs.com\/#\/schema\/logo\/image\/\"}}]}<\/script>\n<!-- \/ Yoast SEO plugin. -->","yoast_head_json":{"title":"Terms of use - TASHKARUGS","description":"Terms of use : TAWADA TREKKING est une agence de voyage Marrakech sp\u00e9cialis\u00e9e dans le trekking, l'artisanat et le g\u00eete. Profitez de nos prestations exceptionnelles pour d\u00e9couvrir le Maroc autrement.","robots":{"index":"noindex","follow":"nofollow"},"og_locale":"en_US","og_type":"article","og_title":"Terms of use - TASHKARUGS","og_description":"Terms of use : TAWADA TREKKING est une agence de voyage Marrakech sp\u00e9cialis\u00e9e dans le trekking, l'artisanat et le g\u00eete. Profitez de nos prestations exceptionnelles pour d\u00e9couvrir le Maroc autrement.","og_url":"https:\/\/tashkarugs.com\/mentions-legales\/","og_site_name":"TASHKARUGS","article_modified_time":"2024-07-23T11:52:18+00:00","twitter_card":"summary_large_image","twitter_misc":{"Est. reading time":"4 minutes"},"schema":{"@context":"https:\/\/schema.org","@graph":[{"@type":"WebPage","@id":"https:\/\/tashkarugs.com\/mentions-legales\/","url":"https:\/\/tashkarugs.com\/mentions-legales\/","name":"Terms of use - TASHKARUGS","isPartOf":{"@id":"https:\/\/tashkarugs.com\/#website"},"datePublished":"2021-12-10T11:16:17+00:00","dateModified":"2024-07-23T11:52:18+00:00","description":"Terms of use : TAWADA TREKKING est une agence de voyage Marrakech sp\u00e9cialis\u00e9e dans le trekking, l'artisanat et le g\u00eete. Profitez de nos prestations exceptionnelles pour d\u00e9couvrir le Maroc autrement.","breadcrumb":{"@id":"https:\/\/tashkarugs.com\/mentions-legales\/#breadcrumb"},"inLanguage":"en-US","potentialAction":[{"@type":"ReadAction","target":["https:\/\/tashkarugs.com\/mentions-legales\/"]}]},{"@type":"BreadcrumbList","@id":"https:\/\/tashkarugs.com\/mentions-legales\/#breadcrumb","itemListElement":[{"@type":"ListItem","position":1,"name":"Home","item":"https:\/\/tashkarugs.com\/en\/"},{"@type":"ListItem","position":2,"name":"Terms of use"}]},{"@type":"WebSite","@id":"https:\/\/tashkarugs.com\/#website","url":"https:\/\/tashkarugs.com\/","name":"TASHKARUGS","description":"","publisher":{"@id":"https:\/\/tashkarugs.com\/#organization"},"potentialAction":[{"@type":"SearchAction","target":{"@type":"EntryPoint","urlTemplate":"https:\/\/tashkarugs.com\/?s={search_term_string}"},"query-input":{"@type":"PropertyValueSpecification","valueRequired":true,"valueName":"search_term_string"}}],"inLanguage":"en-US"},{"@type":"Organization","@id":"https:\/\/tashkarugs.com\/#organization","name":"TASHKARUGS","url":"https:\/\/tashkarugs.com\/","logo":{"@type":"ImageObject","inLanguage":"en-US","@id":"https:\/\/tashkarugs.com\/#\/schema\/logo\/image\/","url":"https:\/\/tashkarugs.com\/wp-content\/uploads\/2024\/05\/tashkarugs-Agence-de-voyage-Marrakech-Tashkarugs-Logo002.webp","contentUrl":"https:\/\/tashkarugs.com\/wp-content\/uploads\/2024\/05\/tashkarugs-Agence-de-voyage-Marrakech-Tashkarugs-Logo002.webp","width":150,"height":84,"caption":"TASHKARUGS"},"image":{"@id":"https:\/\/tashkarugs.com\/#\/schema\/logo\/image\/"}}]}},"_links":{"self":[{"href":"https:\/\/tashkarugs.com\/en\/wp-json\/wp\/v2\/pages\/3498","targetHints":{"allow":["GET"]}}],"collection":[{"href":"https:\/\/tashkarugs.com\/en\/wp-json\/wp\/v2\/pages"}],"about":[{"href":"https:\/\/tashkarugs.com\/en\/wp-json\/wp\/v2\/types\/page"}],"author":[{"embeddable":true,"href":"https:\/\/tashkarugs.com\/en\/wp-json\/wp\/v2\/users\/1"}],"replies":[{"embeddable":true,"href":"https:\/\/tashkarugs.com\/en\/wp-json\/wp\/v2\/comments?post=3498"}],"version-history":[{"count":5,"href":"https:\/\/tashkarugs.com\/en\/wp-json\/wp\/v2\/pages\/3498\/revisions"}],"predecessor-version":[{"id":3503,"href":"https:\/\/tashkarugs.com\/en\/wp-json\/wp\/v2\/pages\/3498\/revisions\/3503"}],"wp:attachment":[{"href":"https:\/\/tashkarugs.com\/en\/wp-json\/wp\/v2\/media?parent=3498"}],"curies":[{"name":"wp","href":"https:\/\/api.w.org\/{rel}","templated":true}]}}